{"id":13150,"date":"2025-01-15T16:34:47","date_gmt":"2025-01-15T15:34:47","guid":{"rendered":"https:\/\/servisat.net\/contacto\/"},"modified":"2025-03-20T13:13:36","modified_gmt":"2025-03-20T12:13:36","slug":"contacte","status":"publish","type":"page","link":"https:\/\/servisat.net\/ca\/contacte\/","title":{"rendered":"Contacte"},"content":{"rendered":"<div class=\"wpb-content-wrapper\"><p>[vc_row][vc_column][vc_empty_space][\/vc_column][\/vc_row][vc_row css=&#8221;.vc_custom_1518767011756{margin-bottom: 80px !important;padding-bottom: 0px !important;}&#8221;][vc_column width=&#8221;1\/3&#8243;][vc_column_text css=&#8221;.vc_custom_1742471374979{margin-bottom: 30px !important;padding-bottom: 0px !important;}&#8221;]<\/p>\n<h2 class=\"section-title\">Contacte<\/h2>\n<p>[\/vc_column_text]<div class=\"uavc-list-icon uavc-list-icon-wrapper ult-adjust-bottom-margin   \"><ul class=\"uavc-list\"><li><div class=\"uavc-list-content\" id=\"list-icon-wrap-3772\">\n<div class=\"uavc-list-icon  \" data-animation=\"\" data-animation-delay=\"03\" style=\"margin-right:5px;\"><div class=\"ult-just-icon-wrapper  \"><div class=\"align-icon\" style=\"text-align:center;\">\n<div class=\"aio-icon none \"  style=\"color:#333333;font-size:32px;display:inline-block;\">\n\t<i class=\"Defaults-map-marker\"><\/i>\n<\/div><\/div><\/div>\n<\/div><span  data-ultimate-target='#list-icon-wrap-3772 .uavc-list-desc'  data-responsive-json-new='{\"font-size\":\"\",\"line-height\":\"\"}'  class=\"uavc-list-desc ult-responsive\" style=\"\"><strong><span class=\"TextRun SCXW52227017 BCX0\" lang=\"ES-ES\" xml:lang=\"ES-ES\" data-contrast=\"auto\"><span class=\"NormalTextRun SCXW52227017 BCX0\">Magatzem:<\/span><\/span><\/strong><span class=\"LineBreakBlob BlobObject DragDrop SCXW52227017 BCX0\"><strong><span class=\"SCXW52227017 BCX0\">\u00a0<\/span><\/strong><br class=\"SCXW52227017 BCX0\" \/><\/span><span class=\"TextRun SCXW52227017 BCX0\" lang=\"ES-ES\" xml:lang=\"ES-ES\" data-contrast=\"auto\"><span class=\"NormalTextRun SCXW52227017 BCX0\">Mari\u00e0<\/span><span class=\"NormalTextRun SCXW52227017 BCX0\"> Benlliure, 17, local 2<\/span><\/span><span class=\"LineBreakBlob BlobObject DragDrop SCXW52227017 BCX0\"><span class=\"SCXW52227017 BCX0\">\u00a0<\/span><br class=\"SCXW52227017 BCX0\" \/><\/span><span class=\"TextRun SCXW52227017 BCX0\" lang=\"ES-ES\" xml:lang=\"ES-ES\" data-contrast=\"auto\"><span class=\"NormalTextRun SCXW52227017 BCX0\">08940 &#8211; Cornell\u00e0 de Llobregat<\/span><\/span><span class=\"EOP SCXW52227017 BCX0\" data-ccp-props=\"{}\">\u00a0<\/span><\/span><\/div><\/li><li><div class=\"uavc-list-content\" id=\"list-icon-wrap-2034\">\n<div class=\"uavc-list-icon  \" data-animation=\"\" data-animation-delay=\"03\" style=\"margin-right:5px;\"><div class=\"ult-just-icon-wrapper  \"><div class=\"align-icon\" style=\"text-align:center;\">\n<div class=\"aio-icon none \"  style=\"color:#333333;font-size:32px;display:inline-block;\">\n\t<i class=\"Defaults-phone\"><\/i>\n<\/div><\/div><\/div>\n<\/div><span  data-ultimate-target='#list-icon-wrap-2034 .uavc-list-desc'  data-responsive-json-new='{\"font-size\":\"\",\"line-height\":\"\"}'  class=\"uavc-list-desc ult-responsive\" style=\"\"><strong>Tel\u00e8fon oficina:\u00a0<\/strong><br \/>\n93 376 86 03<\/p>\n<p>902 195 648<\/span><\/div><\/li><li><div class=\"uavc-list-content\" id=\"list-icon-wrap-7682\">\n<div class=\"uavc-list-icon  \" data-animation=\"\" data-animation-delay=\"03\" style=\"margin-right:5px;\"><div class=\"ult-just-icon-wrapper  \"><div class=\"align-icon\" style=\"text-align:center;\">\n<div class=\"aio-icon none \"  style=\"color:#333333;font-size:32px;display:inline-block;\">\n\t<i class=\"Defaults-phone\"><\/i>\n<\/div><\/div><\/div>\n<\/div><span  data-ultimate-target='#list-icon-wrap-7682 .uavc-list-desc'  data-responsive-json-new='{\"font-size\":\"\",\"line-height\":\"\"}'  class=\"uavc-list-desc ult-responsive\" style=\"\"><strong>Tel\u00e8fon magatzem:\u00a0<\/strong><br \/>\n93 376 38 41<\/span><\/div><\/li><li><div class=\"uavc-list-content\" id=\"list-icon-wrap-5463\">\n<div class=\"uavc-list-icon  \" data-animation=\"\" data-animation-delay=\"03\" style=\"margin-right:5px;\"><div class=\"ult-just-icon-wrapper  \"><div class=\"align-icon\" style=\"text-align:center;\">\n<div class=\"aio-icon none \"  style=\"color:#333333;font-size:32px;display:inline-block;\">\n\t<i class=\"Defaults-envelope-o\"><\/i>\n<\/div><\/div><\/div>\n<\/div><span  data-ultimate-target='#list-icon-wrap-5463 .uavc-list-desc'  data-responsive-json-new='{\"font-size\":\"\",\"line-height\":\"\"}'  class=\"uavc-list-desc ult-responsive\" style=\"\"><strong><span class=\"TextRun SCXW20398436 BCX0\" lang=\"ES-ES\" xml:lang=\"ES-ES\" data-contrast=\"auto\"><span class=\"NormalTextRun SCXW20398436 BCX0\">Correu electr\u00f2nic:<\/span><\/span><\/strong><span class=\"LineBreakBlob BlobObject DragDrop SCXW20398436 BCX0\"><strong><span class=\"SCXW20398436 BCX0\">\u00a0<\/span><\/strong><br class=\"SCXW20398436 BCX0\" \/><\/span><span class=\"TextRun SCXW20398436 BCX0\" lang=\"ES-ES\" xml:lang=\"ES-ES\" data-contrast=\"auto\"><span class=\"NormalTextRun SCXW20398436 BCX0\">servisat@servisat.net<\/span><\/span><span class=\"EOP SCXW20398436 BCX0\" data-ccp-props=\"{}\">\u00a0<\/span><\/span><\/div><\/li><\/ul><\/div>[vc_single_image image=&#8221;12972&#8243; img_size=&#8221;large&#8221; css=&#8221;&#8221;][\/vc_column][vc_column width=&#8221;2\/3&#8243;][vc_column_text css=&#8221;.vc_custom_1742471402074{margin-bottom: 20px !important;padding-bottom: 0px !important;}&#8221;]<\/p>\n<h2><span class=\"TextRun SCXW262745601 BCX0\" lang=\"CA-ES\" xml:lang=\"CA-ES\" data-contrast=\"none\"><span class=\"NormalTextRun SCXW262745601 BCX0\">Atenci\u00f3 r\u00e0pida i pr\u00f2xima per a resoldre totes les teves necessitats<\/span><\/span><\/h2>\n<p style=\"text-align: justify;\"><span class=\"NormalTextRun SCXW243678892 BCX0\">A <\/span><span class=\"NormalTextRun SpellingErrorV2Themed SCXW243678892 BCX0\">Servisat<\/span><span class=\"NormalTextRun SCXW243678892 BCX0\">, som aqu\u00ed per a ajudar-te a mantenir la teva llar segura i confortable. Contacta amb nosaltres avui mateix i descobreix per qu\u00e8 m\u00e9s de 50.000 clients confien en el nostre servei professional per a les seves calderes i escalfadors <\/span><span class=\"NormalTextRun SpellingErrorV2Themed SCXW243678892 BCX0\">Beretta<\/span><span class=\"NormalTextRun SCXW243678892 BCX0\">!<\/span><\/p>\n<p>[\/vc_column_text]\n<div class=\"wpcf7 no-js\" id=\"wpcf7-f13162-o1\" lang=\"es-ES\" dir=\"ltr\" data-wpcf7-id=\"13162\">\n<div class=\"screen-reader-response\"><p role=\"status\" aria-live=\"polite\" aria-atomic=\"true\"><\/p> <ul><\/ul><\/div>\n<form action=\"\/ca\/wp-json\/wp\/v2\/pages\/13150#wpcf7-f13162-o1\" method=\"post\" class=\"wpcf7-form init\" aria-label=\"Formulario de contacto\" novalidate=\"novalidate\" data-status=\"init\">\n<div style=\"display: none;\">\n<input type=\"hidden\" name=\"_wpcf7\" value=\"13162\" \/>\n<input type=\"hidden\" name=\"_wpcf7_version\" value=\"6.0.5\" \/>\n<input type=\"hidden\" name=\"_wpcf7_locale\" value=\"es_ES\" \/>\n<input type=\"hidden\" name=\"_wpcf7_unit_tag\" value=\"wpcf7-f13162-o1\" \/>\n<input type=\"hidden\" name=\"_wpcf7_container_post\" value=\"0\" \/>\n<input type=\"hidden\" name=\"_wpcf7_posted_data_hash\" value=\"\" \/>\n<input type=\"hidden\" name=\"_wpcf7_recaptcha_response\" value=\"\" \/>\n<\/div>\n<div class=\"row flex-row\">\n\t<div class=\"col-xs-6\">\n\t\t<p><label>Nom<span class=\"required\"><\/span><span class=\"wpcf7-form-control-wrap\" data-name=\"your-name\"><input size=\"40\" maxlength=\"400\" class=\"wpcf7-form-control wpcf7-text wpcf7-validates-as-required\" aria-required=\"true\" aria-invalid=\"false\" value=\"\" type=\"text\" name=\"your-name\" \/><\/span><\/label>\n\t\t<\/p>\n\t<\/div>\n\t<div class=\"col-xs-6\">\n\t\t<p><label>Cognom<span class=\"required\"><\/span><span class=\"wpcf7-form-control-wrap\" data-name=\"last-name\"><input size=\"40\" maxlength=\"400\" class=\"wpcf7-form-control wpcf7-text wpcf7-validates-as-required\" aria-required=\"true\" aria-invalid=\"false\" value=\"\" type=\"text\" name=\"last-name\" \/><\/span> <\/label>\n\t\t<\/p>\n\t<\/div>\n\t<div class=\"col-xs-6\">\n\t\t<p><label>Correu<span class=\"required\"><\/span><span class=\"wpcf7-form-control-wrap\" data-name=\"your-email\"><input size=\"40\" maxlength=\"400\" class=\"wpcf7-form-control wpcf7-email wpcf7-validates-as-required wpcf7-text wpcf7-validates-as-email\" aria-required=\"true\" aria-invalid=\"false\" value=\"\" type=\"email\" name=\"your-email\" \/><\/span> <\/label>\n\t\t<\/p>\n\t<\/div>\n\t<div class=\"col-xs-6\">\n\t\t<p><label>Tel\u00e8fon<span class=\"required\"><\/span><span class=\"wpcf7-form-control-wrap\" data-name=\"phone\"><input size=\"40\" maxlength=\"400\" class=\"wpcf7-form-control wpcf7-text wpcf7-validates-as-required\" aria-required=\"true\" aria-invalid=\"false\" value=\"\" type=\"text\" name=\"phone\" \/><\/span> <\/label>\n\t\t<\/p>\n\t<\/div>\n\t<div class=\"col-sm-12\">\n\t\t<p><label>Consulta<span class=\"required\"><\/span><br \/>\n<span class=\"wpcf7-form-control-wrap\" data-name=\"service\"><select class=\"wpcf7-form-control wpcf7-select wpcf7-validates-as-required\" aria-required=\"true\" aria-invalid=\"false\" name=\"service\"><option value=\"\">&#8212;Por favor, elige una opci\u00f3n&#8212;<\/option><option value=\"Revisi\u00f3 caldera\">Revisi\u00f3 caldera<\/option><option value=\"Informaci\u00f3 de producte\">Informaci\u00f3 de producte<\/option><option value=\"Informaci\u00f3 de servei\">Informaci\u00f3 de servei<\/option><\/select><\/span><\/label>\n\t\t<\/p>\n\t<\/div>\n\t<div class=\"col-sm-12\">\n\t\t<p><label>Missatge<span class=\"required\"><\/span><span class=\"wpcf7-form-control-wrap\" data-name=\"your-message\"><textarea cols=\"40\" rows=\"10\" maxlength=\"2000\" class=\"wpcf7-form-control wpcf7-textarea\" aria-invalid=\"false\" name=\"your-message\"><\/textarea><\/span> <\/label>\n\t\t<\/p>\n\t<\/div>\n\t<div class=\"col-sm-12\">\n\t\t<p><input class=\"wpcf7-form-control wpcf7-submit has-spinner\" type=\"submit\" value=\"Enviar\" \/>\n\t\t<\/p>\n\t<\/div>\n<\/div><div class=\"wpcf7-response-output\" aria-hidden=\"true\"><\/div>\n<\/form>\n<\/div>\n[\/vc_column][\/vc_row][vc_row full_width=&#8221;stretch_row_content&#8221;][vc_column][vc_gmaps link=&#8221;#E-8_JTNDaWZyYW1lJTIwc3JjJTNEJTIyaHR0cHMlM0ElMkYlMkZ3d3cuZ29vZ2xlLmNvbSUyRm1hcHMlMkZlbWJlZCUzRnBiJTNEJTIxMW0xOCUyMTFtMTIlMjExbTMlMjExZDI5OTQuNDY3OTYxMjEzNDU2NCUyMTJkMi4wNjg0NTY4OTAzODQ4MDg0JTIxM2Q0MS4zNjM5MTY2MjM0NjcyNCUyMTJtMyUyMTFmMCUyMTJmMCUyMTNmMCUyMTNtMiUyMTFpMTAyNCUyMTJpNzY4JTIxNGYxMy4xJTIxM20zJTIxMW0yJTIxMXMweDEyYTQ5OTY3MGQ0OTU2NGYlMjUzQTB4YTQ3MDAyMGMwY2M0NzA4NSUyMTJzQ2FycmVyJTI1MjBkZSUyNTIwTWFyaSUyNUMzJTI1QTAlMjUyMEJlbmxsaXVyZSUyNTJDJTI1MjAxNyUyNTJDJTI1MjAwODk0MCUyNTIwQ29ybmVsbCUyNUMzJTI1QTAlMjUyMGRlJTI1MjBMbG9icmVnYXQlMjUyQyUyNTIwQmFyY2Vsb25hJTIxNWUwJTIxM20yJTIxMXNlcyUyMTJzZXMlMjE0djE3Mzc5NjUyNDEyNTglMjE1bTIlMjExc2VzJTIxMnNlcyUyMiUyMHdpZHRoJTNEJTIyNjAwJTIyJTIwaGVpZ2h0JTNEJTIyNDUwJTIyJTIwc3R5bGUlM0QlMjJib3JkZXIlM0EwJTNCJTIyJTIwYWxsb3dmdWxsc2NyZWVuJTNEJTIyJTIyJTIwbG9hZGluZyUzRCUyMmxhenklMjIlMjByZWZlcnJlcnBvbGljeSUzRCUyMm5vLXJlZmVycmVyLXdoZW4tZG93bmdyYWRlJTIyJTNFJTNDJTJGaWZyYW1lJTNF&#8221; css=&#8221;&#8221;][\/vc_column][\/vc_row]<\/p>\n<\/div>","protected":false},"excerpt":{"rendered":"<p>[vc_row][vc_column][vc_empty_space][\/vc_column][\/vc_row][vc_row css=&#8221;.vc_custom_1518767011756{margin-bottom: 80px !important;padding-bottom: 0px !important;}&#8221;][vc_column width=&#8221;1\/3&#8243;][vc_column_text css=&#8221;.vc_custom_1742471374979{margin-bottom: 30px !important;padding-bottom: 0px !important;}&#8221;] Contacte [\/vc_column_text][vc_single_image image=&#8221;12972&#8243; img_size=&#8221;large&#8221; css=&#8221;&#8221;][\/vc_column][vc_column width=&#8221;2\/3&#8243;][vc_column_text css=&#8221;.vc_custom_1742471402074{margin-bottom: 20px !important;padding-bottom: 0px !important;}&#8221;] Atenci\u00f3 r\u00e0pida i pr\u00f2xima per a resoldre totes les teves necessitats A Servisat, som aqu\u00ed per a ajudar-te a mantenir la teva llar segura i confortable. Contacta amb nosaltres avui mateix i [&hellip;]<\/p>\n","protected":false},"author":1,"featured_media":0,"parent":0,"menu_order":0,"comment_status":"closed","ping_status":"closed","template":"","meta":{"footnotes":""},"class_list":["post-13150","page","type-page","status-publish","hentry"],"aioseo_notices":[],"_links":{"self":[{"href":"https:\/\/servisat.net\/ca\/wp-json\/wp\/v2\/pages\/13150","targetHints":{"allow":["GET"]}}],"collection":[{"href":"https:\/\/servisat.net\/ca\/wp-json\/wp\/v2\/pages"}],"about":[{"href":"https:\/\/servisat.net\/ca\/wp-json\/wp\/v2\/types\/page"}],"author":[{"embeddable":true,"href":"https:\/\/servisat.net\/ca\/wp-json\/wp\/v2\/users\/1"}],"replies":[{"embeddable":true,"href":"https:\/\/servisat.net\/ca\/wp-json\/wp\/v2\/comments?post=13150"}],"version-history":[{"count":3,"href":"https:\/\/servisat.net\/ca\/wp-json\/wp\/v2\/pages\/13150\/revisions"}],"predecessor-version":[{"id":13163,"href":"https:\/\/servisat.net\/ca\/wp-json\/wp\/v2\/pages\/13150\/revisions\/13163"}],"wp:attachment":[{"href":"https:\/\/servisat.net\/ca\/wp-json\/wp\/v2\/media?parent=13150"}],"curies":[{"name":"wp","href":"https:\/\/api.w.org\/{rel}","templated":true}]}}