{"id":13147,"date":"2025-01-15T16:35:10","date_gmt":"2025-01-15T15:35:10","guid":{"rendered":"https:\/\/servisat.net\/empleo\/"},"modified":"2025-03-20T13:10:38","modified_gmt":"2025-03-20T12:10:38","slug":"ocupacio","status":"publish","type":"page","link":"https:\/\/servisat.net\/ca\/ocupacio\/","title":{"rendered":"Ocupaci\u00f3"},"content":{"rendered":"<div class=\"wpb-content-wrapper\"><p>[vc_row full_width=&#8221;stretch_row_content_no_spaces&#8221; content_width=&#8221;extra-width-2&#8243; content_placement=&#8221;middle&#8221; css=&#8221;.vc_custom_1738146185429{padding-top: 90px !important;padding-bottom: 90px !important;}&#8221;][vc_column][vc_mad_text_welcome image1=&#8221;12835&#8243; icon1=&#8221;licon-man2&#8243; icon2=&#8221;licon-users-plus&#8221; icon3=&#8221;licon-star&#8221; icon4=&#8221;licon-coin-euro&#8221; subtitle=&#8221;OCUPACI\u00d3&#8221; title=&#8221;Volem con\u00e8ixer-te!&#8221; title1=&#8221;M\u00c1S DE 20 PROFESIONALES&#8221; title2=&#8221;+ DE 50.000 CLIENTES SATISFECHOS&#8221; title3=&#8221;SERVICIO T\u00c9CNICO OFICIAL&#8221; title4=&#8221;PRECIOS COMPETITIVOS&#8221; link1=&#8221;#&#8221; link2=&#8221;#&#8221; link3=&#8221;#&#8221; link4=&#8221;#&#8221;]<\/p>\n<p style=\"text-align: justify;\"><span class=\"TextRun SCXW225727578 BCX0\" lang=\"CA-ES\" xml:lang=\"CA-ES\" data-contrast=\"none\"><span class=\"NormalTextRun SCXW225727578 BCX0\">A <\/span><strong><span class=\"NormalTextRun SpellingErrorV2Themed SCXW225727578 BCX0\">Servisat<\/span><\/strong><span class=\"NormalTextRun SCXW225727578 BCX0\">, ens dediquem a oferir el millor <strong>servei de manteniment i reparaci\u00f3 de calderes i escalfadors <\/strong><\/span><strong><span class=\"NormalTextRun SpellingErrorV2Themed SCXW225727578 BCX0\">Beretta<\/span><\/strong><span class=\"NormalTextRun SCXW225727578 BCX0\"> a la regi\u00f3 de Barcelona. Si comparteixes la nostra passi\u00f3 per la qualitat, el comprom\u00eds amb els clients i el treball en equip, volem con\u00e8ixer-te!<\/span><\/span><span class=\"LineBreakBlob BlobObject DragDrop SCXW225727578 BCX0\"><span class=\"SCXW225727578 BCX0\">\u00a0<\/span><br class=\"SCXW225727578 BCX0\" \/><\/span><span class=\"LineBreakBlob BlobObject DragDrop SCXW225727578 BCX0\"><span class=\"SCXW225727578 BCX0\">\u00a0<\/span><br class=\"SCXW225727578 BCX0\" \/><\/span><span class=\"TextRun SCXW225727578 BCX0\" lang=\"CA-ES\" xml:lang=\"CA-ES\" data-contrast=\"none\"><span class=\"NormalTextRun SCXW225727578 BCX0\">Uneix-te al nostre equip i forma part d&#8217;una empresa en creixement on podr\u00e0s desenvolupar les teves habilitats i cr\u00e9ixer professionalment en un entorn din\u00e0mic i de confian\u00e7a. Busquem persones que valorin l&#8217;excel\u00b7l\u00e8ncia i vulguin formar part d&#8217;un equip l\u00edder en el sector de manteniment de calderes i escalfadors.<\/span><\/span><span class=\"EOP SCXW225727578 BCX0\" data-ccp-props=\"{}\">\u00a0<\/span><\/p>\n<p>[\/vc_mad_text_welcome][\/vc_column][\/vc_row][vc_row full_width=&#8221;stretch_row_content_no_spaces&#8221;][vc_column][vc_mad_form_with_image image=&#8221;12824&#8243; title=&#8221;Treballa amb nosaltres!&#8221; form_add=&#8221;`{`contact-form-7 id=&#8220;d828953&#8220; title=&#8220;Formulario de empleo_CAT&#8220;`}`&#8221;]<\/p>\n<p style=\"text-align: justify;\"><span class=\"TextRun SCXW227099911 BCX0\" lang=\"CA-ES\" xml:lang=\"CA-ES\" data-contrast=\"none\"><span class=\"NormalTextRun SCXW227099911 BCX0\">Envia&#8217;ns les teves dades a trav\u00e9s del nostre formulari d&#8217;ocupaci\u00f3 i especifica el lloc d&#8217;inter\u00e8s. Estem sempre a la recerca de talent en \u00e0rees com a administraci\u00f3, t\u00e8cnic de manteniment i reparaci\u00f3, i atenci\u00f3 al client.<\/span><\/span><\/p>\n<p>[\/vc_mad_form_with_image][\/vc_column][\/vc_row]<\/p>\n<\/div>","protected":false},"excerpt":{"rendered":"<p>[vc_row full_width=&#8221;stretch_row_content_no_spaces&#8221; content_width=&#8221;extra-width-2&#8243; content_placement=&#8221;middle&#8221; css=&#8221;.vc_custom_1738146185429{padding-top: 90px !important;padding-bottom: 90px !important;}&#8221;][vc_column][vc_mad_text_welcome image1=&#8221;12835&#8243; icon1=&#8221;licon-man2&#8243; icon2=&#8221;licon-users-plus&#8221; icon3=&#8221;licon-star&#8221; icon4=&#8221;licon-coin-euro&#8221; subtitle=&#8221;OCUPACI\u00d3&#8221; title=&#8221;Volem con\u00e8ixer-te!&#8221; title1=&#8221;M\u00c1S DE 20 PROFESIONALES&#8221; title2=&#8221;+ DE 50.000 CLIENTES SATISFECHOS&#8221; title3=&#8221;SERVICIO T\u00c9CNICO OFICIAL&#8221; title4=&#8221;PRECIOS COMPETITIVOS&#8221; link1=&#8221;#&#8221; link2=&#8221;#&#8221; link3=&#8221;#&#8221; link4=&#8221;#&#8221;] A Servisat, ens dediquem a oferir el millor servei de manteniment i reparaci\u00f3 de calderes i escalfadors Beretta a la [&hellip;]<\/p>\n","protected":false},"author":1,"featured_media":0,"parent":0,"menu_order":0,"comment_status":"closed","ping_status":"closed","template":"","meta":{"footnotes":""},"class_list":["post-13147","page","type-page","status-publish","hentry"],"aioseo_notices":[],"_links":{"self":[{"href":"https:\/\/servisat.net\/ca\/wp-json\/wp\/v2\/pages\/13147","targetHints":{"allow":["GET"]}}],"collection":[{"href":"https:\/\/servisat.net\/ca\/wp-json\/wp\/v2\/pages"}],"about":[{"href":"https:\/\/servisat.net\/ca\/wp-json\/wp\/v2\/types\/page"}],"author":[{"embeddable":true,"href":"https:\/\/servisat.net\/ca\/wp-json\/wp\/v2\/users\/1"}],"replies":[{"embeddable":true,"href":"https:\/\/servisat.net\/ca\/wp-json\/wp\/v2\/comments?post=13147"}],"version-history":[{"count":3,"href":"https:\/\/servisat.net\/ca\/wp-json\/wp\/v2\/pages\/13147\/revisions"}],"predecessor-version":[{"id":13161,"href":"https:\/\/servisat.net\/ca\/wp-json\/wp\/v2\/pages\/13147\/revisions\/13161"}],"wp:attachment":[{"href":"https:\/\/servisat.net\/ca\/wp-json\/wp\/v2\/media?parent=13147"}],"curies":[{"name":"wp","href":"https:\/\/api.w.org\/{rel}","templated":true}]}}