{"id":13141,"date":"2025-01-15T16:34:09","date_gmt":"2025-01-15T15:34:09","guid":{"rendered":"https:\/\/servisat.net\/garantia\/"},"modified":"2025-03-20T13:21:56","modified_gmt":"2025-03-20T12:21:56","slug":"garantia","status":"publish","type":"page","link":"https:\/\/servisat.net\/ca\/garantia\/","title":{"rendered":"Garantia"},"content":{"rendered":"<div class=\"wpb-content-wrapper\"><p>[vc_row full_width=&#8221;stretch_row_content_no_spaces&#8221; content_width=&#8221;extra-width-2&#8243; content_placement=&#8221;middle&#8221; css=&#8221;.vc_custom_1737978337016{margin-top: 0px !important;margin-bottom: 0px !important;padding-top: 90px !important;padding-bottom: 90px !important;}&#8221;][vc_column width=&#8221;5\/12&#8243; offset=&#8221;vc_col-lg-5 vc_col-md-12 vc_col-xs-12&#8243;][vc_custom_heading text=&#8221;Garantia oficial Beretta&#8221; font_container=&#8221;tag:h5|font_size:18|text_align:left|color:%237C7C7C|line_height:24px&#8221; el_class=&#8221;section-sub-title&#8221;][vc_custom_heading text=&#8221;Confian\u00e7a i qualitat garantides&#8221; font_container=&#8221;tag:h1|font_size:48|text_align:left|color:%2395AA21|line_height:60px&#8221; el_class=&#8221;section-title&#8221;][vc_column_text css=&#8221;.vc_custom_1742470765578{margin-bottom: 30px !important;padding-bottom: 0px !important;}&#8221;]<\/p>\n<p class=\"text-size-medium\" style=\"text-align: justify;\"><span class=\"NormalTextRun SCXW256465270 BCX0\">A <\/span><span class=\"NormalTextRun SpellingErrorV2Themed SpellingErrorHighlight SCXW256465270 BCX0\">Servisat<\/span><span class=\"NormalTextRun SCXW256465270 BCX0\"> entenem que la confian\u00e7a \u00e9s la base de tota relaci\u00f3 amb els nostres clients. Per aix\u00f2, com a Servei T\u00e8cnic Oficial de <\/span><span class=\"NormalTextRun SpellingErrorV2Themed SCXW256465270 BCX0\">Beretta<\/span><span class=\"NormalTextRun SCXW256465270 BCX0\"> calderes i escalfadors, cada treball de manteniment o reparaci\u00f3 que realitzem est\u00e0 recolzat per una garantia oficial, que t&#8217;ofereix seguretat i tranquil\u00b7litat en cada intervenci\u00f3.<\/span><\/p>\n<p>[\/vc_column_text][vc_mad_btn title=&#8221;Coneix-nos&#8221; size=&#8221;btn-small&#8221; icon=&#8221;&#8221; link=&#8221;url:https%3A%2F%2Fservisat.net%2Fca%2Fservisat%2F|title:Con%C3%B3cenos&#8221;][\/vc_column][vc_column width=&#8221;7\/12&#8243; offset=&#8221;vc_col-lg-7 vc_col-md-12 vc_col-xs-12&#8243;][vc_single_image image=&#8221;12802&#8243; img_size=&#8221;800&#215;398&#8243; css=&#8221;&#8221;][\/vc_column][\/vc_row][vc_row full_width=&#8221;stretch_row&#8221; parallax=&#8221;content-moving&#8221; parallax_image=&#8221;12765&#8243; css=&#8221;.vc_custom_1737977490209{padding-top: 60px !important;padding-right: 60px !important;padding-bottom: 60px !important;padding-left: 60px !important;background: #6E6E6E url(https:\/\/servisat.net\/wp-content\/uploads\/2025\/01\/Servisat_calderas_y_calentadores-scaled.jpg?id=12682);background-position: center;background-repeat: no-repeat !important;background-size: cover !important;}&#8221;][vc_column][vc_row_inner][vc_column_inner]<div id=\"ultimate-heading-887869f19c1d2a7f0\" class=\"uvc-heading ult-adjust-bottom-margin ultimate-heading-887869f19c1d2a7f0 uvc-7227 \" data-hspacer=\"no_spacer\"  data-halign=\"center\" style=\"text-align:center\"><div class=\"uvc-heading-spacer no_spacer\" style=\"top\"><\/div><div class=\"uvc-main-heading ult-responsive\"  data-ultimate-target='.uvc-heading.ultimate-heading-887869f19c1d2a7f0 h2'  data-responsive-json-new='{\"font-size\":\"\",\"line-height\":\"\"}' ><h2 style=\"font-weight:normal;color:#FFFFFF;margin-top:40px;margin-bottom:20px;\">Confian\u00e7a i qualitat en el servei t\u00e8cnic de calderes i escalfadors Beretta<\/h2><\/div><div class=\"uvc-sub-heading ult-responsive\"  data-ultimate-target='.uvc-heading.ultimate-heading-887869f19c1d2a7f0 .uvc-sub-heading '  data-responsive-json-new='{\"font-size\":\"\",\"line-height\":\"\"}'  style=\"font-weight:normal;color:#FFFFFF;\"><\/p>\n<p style=\"text-align: center;\"><span class=\"TextRun SCXW237595594 BCX0\" lang=\"CA-ES\" xml:lang=\"CA-ES\" data-contrast=\"none\"><span class=\"NormalTextRun SCXW237595594 BCX0\">A <\/span><span class=\"NormalTextRun SpellingErrorV2Themed SCXW237595594 BCX0\">Servisat<\/span><span class=\"NormalTextRun SCXW237595594 BCX0\">, el nostre comprom\u00eds \u00e9s que cada client se senti recolzat en tot moment. Confia en nosaltres per a brindar-te un servei segur, professional i de qualitat que protegeix la teva inversi\u00f3 i la comoditat de la teva llar.<\/span><\/span><span class=\"EOP SCXW237595594 BCX0\" data-ccp-props=\"{}\">\u00a0<\/span><\/p>\n<p><\/div><\/div>[\/vc_column_inner][\/vc_row_inner][vc_column_text]<span style=\"color: #ffffff;\"><strong>La nostra garantia inclou:<\/strong><\/span>[\/vc_column_text][vc_mad_info_block tag_title=&#8221;h2&#8243; type=&#8221;style-4&#8243; columns=&#8221;3&#8243;][vc_mad_info_block_item icon=&#8221;licon-graduation-hat&#8221; item_color=&#8221;style-1&#8243; title=&#8221;Peces originals Beretta&#8221; btn_bg_color=&#8221;#95AA21&#8243; btn_bg_color_hover=&#8221;#95AA21&#8243; btn_txt_color=&#8221;#95AA21&#8243; btn_txt_color_hover=&#8221;#95AA21&#8243;]<\/p>\n<p style=\"text-align: justify;\"><span class=\"NormalTextRun SCXW194270511 BCX0\">Utilitzem \u00fanicament recanvis originals <\/span><span class=\"NormalTextRun SpellingErrorV2Themed SCXW194270511 BCX0\">Beretta<\/span><span class=\"NormalTextRun SCXW194270511 BCX0\">, assegurant la compatibilitat i rendiment de cada equip, a m\u00e9s de prolongar la seva vida \u00fatil i reduir la probabilitat d&#8217;avaries.<\/span><\/p>\n<p>[\/vc_mad_info_block_item][vc_mad_info_block_item icon=&#8221;licon-wallet&#8221; item_color=&#8221;style-1&#8243; title=&#8221;Assessorament post-servei per a Beretta&#8221;]<\/p>\n<p style=\"text-align: justify;\"><span class=\"NormalTextRun SCXW78925514 BCX0\">Ens comprometem a estar amb tu m\u00e9s enll\u00e0 de la reparaci\u00f3, oferint assessoria i suport t\u00e8cnic que t&#8217;ajudi a optimitzar l&#8217;\u00fas de la teva caldera <\/span><span class=\"NormalTextRun SpellingErrorV2Themed SCXW78925514 BCX0\">Beretta<\/span><span class=\"NormalTextRun SCXW78925514 BCX0\"> i resoldre qualsevol dubte.<\/span><\/p>\n<p>[\/vc_mad_info_block_item][vc_mad_info_block_item icon=&#8221;licon-calculator&#8221; item_color=&#8221;&#8221; title=&#8221;M\u00e0 d&#8217;obra especialitzada en calderes Beretta&#8221;]<\/p>\n<p style=\"text-align: justify;\"><span class=\"NormalTextRun SCXW199947343 BCX0\">El nostre equip t\u00e8cnic est\u00e0 altament capacitat i rep formaci\u00f3 cont\u00ednua en les \u00faltimes tecnologies de calderes i escalfadors <\/span><span class=\"NormalTextRun SpellingErrorV2Themed SCXW199947343 BCX0\">Beretta<\/span><span class=\"NormalTextRun SCXW199947343 BCX0\">. Cada reparaci\u00f3 o intervenci\u00f3 \u00e9s realitzada per professionals experts que segueixen rigorosos protocols de qualitat.<\/span><\/p>\n<p>[\/vc_mad_info_block_item][\/vc_mad_info_block][\/vc_column][\/vc_row][vc_row full_width=&#8221;stretch_row_content_no_spaces&#8221; content_width=&#8221;extra-width-2&#8243; css=&#8221;.vc_custom_1737961539380{margin-top: 0px !important;margin-bottom: 0px !important;padding-top: 90px !important;padding-bottom: 90px !important;}&#8221;][vc_column width=&#8221;7\/12&#8243; offset=&#8221;vc_col-lg-5 vc_col-md-12 vc_col-xs-12&#8243;][vc_single_image image=&#8221;12796&#8243; img_size=&#8221;full&#8221; css=&#8221;&#8221;][\/vc_column][vc_column width=&#8221;5\/12&#8243; offset=&#8221;vc_col-lg-7 vc_col-md-12 vc_col-xs-12&#8243;][vc_custom_heading text=&#8221;Qu\u00e8 podem oferir-te?&#8221; font_container=&#8221;tag:h5|font_size:18|text_align:left|color:%237C7C7C|line_height:24px&#8221; el_class=&#8221;section-sub-title&#8221;][vc_custom_heading text=&#8221;Serveis especialitzats&#8221; font_container=&#8221;tag:h1|font_size:48|text_align:left|color:%2395AA21|line_height:60px&#8221; el_class=&#8221;section-title&#8221;][vc_column_text css=&#8221;.vc_custom_1742473375070{margin-bottom: 30px !important;padding-bottom: 0px !important;}&#8221;]<\/p>\n<p class=\"text-size-medium\" style=\"text-align: justify;\"><span class=\"NormalTextRun SCXW59551232 BCX0\">A <\/span><span class=\"NormalTextRun SpellingErrorV2Themed SCXW59551232 BCX0\"><strong>Servisat<\/strong><\/span><span class=\"NormalTextRun SCXW59551232 BCX0\"> oferim una gamma completa de serveis especialitzats en <strong>calderes i escalfadors <\/strong><\/span><strong><span class=\"NormalTextRun SpellingErrorV2Themed SCXW59551232 BCX0\">Beretta<\/span><\/strong><span class=\"NormalTextRun SCXW59551232 BCX0\">, dissenyats per a assegurar el m\u00e0xim rendiment i durabilitat de cada equip. Com a <strong>Servei T\u00e8cnic Oficial de calderes i escalfadors <\/strong><\/span><strong><span class=\"NormalTextRun SpellingErrorV2Themed SCXW59551232 BCX0\">Beretta<\/span><\/strong><span class=\"NormalTextRun SCXW59551232 BCX0\">, comptem amb la capacitaci\u00f3 i les eines necess\u00e0ries per a brindar una soluci\u00f3 integral i de confian\u00e7a a cada client.<\/span><\/p>\n<p>[\/vc_column_text][vc_mad_btn title=&#8221;Serveis&#8221; size=&#8221;btn-small&#8221; icon=&#8221;&#8221; link=&#8221;url:https%3A%2F%2Fservisat.net%2Fca%2Fserveis%2F|title:Coneix-nos&#8221;][\/vc_column][\/vc_row][vc_row full_width=&#8221;stretch_row_content_no_spaces&#8221;][vc_column][vc_mad_form_with_image image=&#8221;12809&#8243; subtitle=&#8221;CONTACTO&#8221; title=&#8221;Contacta amb nosaltres i descobreix la difer\u00e8ncia de triar un servei t\u00e8cnic professional i autoritzat en calderes i escalfadors\u202fBeretta!&#8221; form_add=&#8221;`{`contact-form-7 id=&#8220;c584dff&#8220; title=&#8220;Formulario de contacto HOME_CAT&#8220;`}`&#8221;][\/vc_mad_form_with_image][\/vc_column][\/vc_row]<\/p>\n<\/div>","protected":false},"excerpt":{"rendered":"<p>[vc_row full_width=&#8221;stretch_row_content_no_spaces&#8221; content_width=&#8221;extra-width-2&#8243; content_placement=&#8221;middle&#8221; css=&#8221;.vc_custom_1737978337016{margin-top: 0px !important;margin-bottom: 0px !important;padding-top: 90px !important;padding-bottom: 90px !important;}&#8221;][vc_column width=&#8221;5\/12&#8243; offset=&#8221;vc_col-lg-5 vc_col-md-12 vc_col-xs-12&#8243;][vc_custom_heading text=&#8221;Garantia oficial Beretta&#8221; font_container=&#8221;tag:h5|font_size:18|text_align:left|color:%237C7C7C|line_height:24px&#8221; el_class=&#8221;section-sub-title&#8221;][vc_custom_heading text=&#8221;Confian\u00e7a i qualitat garantides&#8221; font_container=&#8221;tag:h1|font_size:48|text_align:left|color:%2395AA21|line_height:60px&#8221; el_class=&#8221;section-title&#8221;][vc_column_text css=&#8221;.vc_custom_1742470765578{margin-bottom: 30px !important;padding-bottom: 0px !important;}&#8221;] A Servisat entenem que la confian\u00e7a \u00e9s la base de tota relaci\u00f3 amb els nostres clients. Per aix\u00f2, com a Servei T\u00e8cnic [&hellip;]<\/p>\n","protected":false},"author":1,"featured_media":0,"parent":0,"menu_order":0,"comment_status":"closed","ping_status":"closed","template":"","meta":{"footnotes":""},"class_list":["post-13141","page","type-page","status-publish","hentry"],"aioseo_notices":[],"_links":{"self":[{"href":"https:\/\/servisat.net\/ca\/wp-json\/wp\/v2\/pages\/13141","targetHints":{"allow":["GET"]}}],"collection":[{"href":"https:\/\/servisat.net\/ca\/wp-json\/wp\/v2\/pages"}],"about":[{"href":"https:\/\/servisat.net\/ca\/wp-json\/wp\/v2\/types\/page"}],"author":[{"embeddable":true,"href":"https:\/\/servisat.net\/ca\/wp-json\/wp\/v2\/users\/1"}],"replies":[{"embeddable":true,"href":"https:\/\/servisat.net\/ca\/wp-json\/wp\/v2\/comments?post=13141"}],"version-history":[{"count":5,"href":"https:\/\/servisat.net\/ca\/wp-json\/wp\/v2\/pages\/13141\/revisions"}],"predecessor-version":[{"id":13142,"href":"https:\/\/servisat.net\/ca\/wp-json\/wp\/v2\/pages\/13141\/revisions\/13142"}],"wp:attachment":[{"href":"https:\/\/servisat.net\/ca\/wp-json\/wp\/v2\/media?parent=13141"}],"curies":[{"name":"wp","href":"https:\/\/api.w.org\/{rel}","templated":true}]}}