{"id":13138,"date":"2025-01-24T08:34:30","date_gmt":"2025-01-24T07:34:30","guid":{"rendered":"https:\/\/servisat.net\/servicios\/"},"modified":"2025-03-20T13:27:36","modified_gmt":"2025-03-20T12:27:36","slug":"serveis","status":"publish","type":"page","link":"https:\/\/servisat.net\/ca\/serveis\/","title":{"rendered":"Serveis"},"content":{"rendered":"<div class=\"wpb-content-wrapper\"><p>[vc_row full_width=&#8221;stretch_row_content_no_spaces&#8221; content_width=&#8221;extra-width-2&#8243; css=&#8221;.vc_custom_1737711094299{margin-top: 0px !important;margin-bottom: 0px !important;padding-top: 90px !important;padding-bottom: 0px !important;}&#8221;][vc_column width=&#8221;1\/2&#8243; offset=&#8221;vc_col-lg-5 vc_col-md-12 vc_col-xs-12&#8243;][vc_custom_heading text=&#8221;QU\u00c8 PODEM OFERIR-TE?&#8221; font_container=&#8221;tag:h5|font_size:18|text_align:left|color:%237C7C7C|line_height:24px&#8221; el_class=&#8221;section-sub-title&#8221;][vc_custom_heading text=&#8221;Serveis especialitzats per a calderes i escalfadors\u202fBeretta&#8221; font_container=&#8221;tag:h1|font_size:48|text_align:left|color:%2395AA21|line_height:60px&#8221; el_class=&#8221;section-title&#8221;][vc_column_text css=&#8221;.vc_custom_1742473716311{margin-bottom: 30px !important;padding-bottom: 0px !important;}&#8221;]<\/p>\n<p class=\"text-size-medium\" style=\"text-align: justify;\"><span class=\"NormalTextRun SCXW169801458 BCX0\">A\u202f<\/span><span class=\"NormalTextRun SpellingErrorV2Themed SCXW169801458 BCX0\">Servisat<\/span><span class=\"NormalTextRun SCXW169801458 BCX0\">\u202foferim una gamma completa de serveis especialitzats en <strong>calderes i escalfadors\u202f<\/strong><\/span><strong><span class=\"NormalTextRun SpellingErrorV2Themed SCXW169801458 BCX0\">Beretta<\/span><\/strong><span class=\"NormalTextRun SCXW169801458 BCX0\">, dissenyats per a assegurar el m\u00e0xim rendiment i durabilitat de cada equip. Com a <strong>Servei T\u00e8cnic Oficial de calderes i escalfadors\u202f<\/strong><\/span><strong><span class=\"NormalTextRun SpellingErrorV2Themed SCXW169801458 BCX0\">Beretta<\/span><\/strong><span class=\"NormalTextRun SCXW169801458 BCX0\">, comptem amb la capacitaci\u00f3 i les eines necess\u00e0ries per a brindar una soluci\u00f3 integral i de confian\u00e7a a cada client<\/span><\/p>\n<p>[\/vc_column_text][vc_mad_btn title=&#8221;Coneix-nos&#8221; size=&#8221;btn-small&#8221; icon=&#8221;&#8221; link=&#8221;url:https%3A%2F%2Fservisat.net%2Fca%2Fservisat%2F|title:Tarifas&#8221;][\/vc_column][vc_column width=&#8221;1\/2&#8243;][vc_single_image image=&#8221;12910&#8243; img_size=&#8221;full&#8221; css=&#8221;&#8221;][\/vc_column][\/vc_row][vc_row full_width=&#8221;stretch_row&#8221; parallax=&#8221;content-moving&#8221; parallax_image=&#8221;12765&#8243; css=&#8221;.vc_custom_1738757824421{margin-top: 90px !important;margin-bottom: 80px !important;padding-top: 90px !important;padding-right: 60px !important;padding-bottom: 100px !important;padding-left: 60px !important;background: #6E6E6E url(https:\/\/servisat.net\/wp-content\/uploads\/2025\/01\/Servisat_calderas_y_calentadores-1-scaled.jpg?id=12783);background-position: center;background-repeat: no-repeat !important;background-size: cover !important;}&#8221;][vc_column][vc_custom_heading text=&#8221;Serveis Servisat&#8221; font_container=&#8221;tag:h1|font_size:48|text_align:center|color:%23FFFFFF|line_height:60px&#8221; el_class=&#8221;section-title&#8221;][vc_mad_info_block tag_title=&#8221;h2&#8243; title_align=&#8221;align-center&#8221; type=&#8221;style-2 icons-bg&#8221; columns=&#8221;3&#8243; title_color=&#8221;#FFFFFF&#8221; description_color=&#8221;#FFFFFF&#8221;][vc_mad_info_block_item icon=&#8221;licon-wrench&#8221; item_color=&#8221;style-1&#8243; title=&#8221;MANTENIMENT PREVENTIU&#8221; bg_color=&#8221;#555555&#8243; btn_bg_color=&#8221;#70ADF5&#8243; btn_bg_color_hover=&#8221;#70ADF5&#8243; bg_color_hover=&#8221;#555555&#8243;]<\/p>\n<p style=\"text-align: justify;\"><span style=\"color: #ffffff;\"><span style=\"vertical-align: inherit;\"><span style=\"vertical-align: inherit;\"><span class=\"NormalTextRun SCXW183017550 BCX0\">Dissenyat per a mantenir l&#8217;efici\u00e8ncia de les calderes\u202f<\/span><span class=\"NormalTextRun SpellingErrorV2Themed SCXW183017550 BCX0\">Beretta<\/span><span class=\"NormalTextRun SCXW183017550 BCX0\">\u202fi escalfadors\u202f<\/span><span class=\"NormalTextRun SpellingErrorV2Themed SCXW183017550 BCX0\">Beretta<\/span><span class=\"NormalTextRun SCXW183017550 BCX0\">\u202fal llarg de la seva vida \u00fatil, els nostres plans de manteniment ajuden a prevenir avaries costoses i garanteixen un funcionament segur<\/span><\/span><\/span><\/span><\/p>\n<p>[\/vc_mad_info_block_item][vc_mad_info_block_item icon=&#8221;licon-wrench&#8221; item_color=&#8221;style-1&#8243; title=&#8221;INSTAL\u00b7LACI\u00d3 I SUBSTITUCI\u00d3&#8221; bg_color=&#8221;#373737&#8243; btn_bg_color=&#8221;#3583E1&#8243; btn_bg_color_hover=&#8221;#3583E1&#8243; bg_color_hover=&#8221;#373737&#8243;]<\/p>\n<p style=\"text-align: justify;\"><span style=\"color: #ffffff;\"><span class=\"TextRun SCXW230621288 BCX0\" lang=\"ES-ES\" xml:lang=\"ES-ES\" data-contrast=\"auto\"><span class=\"NormalTextRun SCXW230621288 BCX0\"><span class=\"NormalTextRun SCXW183017550 BCX0\">Si necessites una nova caldera o reempla\u00e7ar un equip antic, en\u202f<\/span><span class=\"NormalTextRun SpellingErrorV2Themed SCXW183017550 BCX0\">Servisat<\/span><span class=\"NormalTextRun SCXW183017550 BCX0\">\u202ft&#8217;oferim assessoria especialitzada en la selecci\u00f3 i instal\u00b7laci\u00f3 de calderes i escalfadors\u202f<\/span><span class=\"NormalTextRun SpellingErrorV2Themed SCXW183017550 BCX0\">Beretta<\/span><span class=\"NormalTextRun SCXW183017550 BCX0\">\u202fd&#8217;alta efici\u00e8ncia. Garantim una instal\u00b7laci\u00f3 professional i segura, complint amb tots els est\u00e0ndards de qualitat i reglamentaci\u00f3.<\/span><\/span><\/span><\/span><\/p>\n<p>[\/vc_mad_info_block_item][vc_mad_info_block_item icon=&#8221;licon-magnifier&#8221; item_color=&#8221;&#8221; title=&#8221;REVISI\u00d3 OBLIGAT\u00d2RIA DE CALDERES&#8221; bg_color=&#8221;#555555&#8243; btn_bg_color=&#8221;#0065E0&#8243; btn_bg_color_hover=&#8221;#0065E0&#8243; bg_color_hover=&#8221;#555555&#8243;]<\/p>\n<p style=\"text-align: justify;\"><span style=\"color: #ffffff;\"><span class=\"EOP SCXW185843420 BCX0\" data-ccp-props=\"{&quot;335551550&quot;:6,&quot;335551620&quot;:6}\"><span class=\"TextRun SCXW183017550 BCX0\" lang=\"CA-ES\" xml:lang=\"CA-ES\" data-contrast=\"auto\"><span class=\"NormalTextRun SCXW183017550 BCX0\">Assegura el funcionament i efici\u00e8ncia de la teva caldera. Segons el Reial decret 1027\/2007 sobre la reglamentaci\u00f3 d&#8217;instal\u00b7lacions t\u00e8rmiques en edificis, tots els usuaris s\u00f3n responsables de realitzar una revisi\u00f3 peri\u00f2dica. Servei que permet detectar i corregir possibles problemes de funcionament, contribuint a la seguretat de la llar i optimitzant el consum energ\u00e8tic.<\/span><\/span><\/span><\/span><\/p>\n<p>[\/vc_mad_info_block_item][\/vc_mad_info_block][\/vc_column][\/vc_row][vc_row full_width=&#8221;stretch_row_content_no_spaces&#8221; content_width=&#8221;extra-width-2&#8243; css=&#8221;.vc_custom_1738827303244{margin-top: 0px !important;padding-top: 40px !important;padding-bottom: 100px !important;}&#8221;][vc_column width=&#8221;1\/2&#8243; offset=&#8221;vc_col-lg-5 vc_col-md-12 vc_col-xs-12&#8243; css=&#8221;.vc_custom_1738826897775{padding-top: 50px !important;}&#8221;][vc_custom_heading text=&#8221;SEGURETAT A LA TEVA LLAR&#8221; font_container=&#8221;tag:h5|font_size:18|text_align:left|color:%237C7C7C|line_height:24px&#8221; el_class=&#8221;section-sub-title&#8221;][vc_custom_heading text=&#8221;La teva caldera en les millors mans&#8221; font_container=&#8221;tag:h1|font_size:48|text_align:left|color:%2395AA21|line_height:60px&#8221; el_class=&#8221;section-title&#8221;][vc_column_text css=&#8221;.vc_custom_1742470520908{margin-bottom: 30px !important;padding-bottom: 0px !important;}&#8221;]<\/p>\n<p style=\"text-align: justify;\"><span class=\"TextRun SCXW159703670 BCX0\" lang=\"CA-ES\" xml:lang=\"CA-ES\" data-contrast=\"auto\"><span class=\"NormalTextRun SCXW159703670 BCX0\">Cada intervenci\u00f3 del nostre equip t\u00e8cnic est\u00e0 dissenyada per a brindar-te la tranquil\u00b7litat de saber que la teva caldera o escalfador\u202f<\/span><span class=\"NormalTextRun SpellingErrorV2Themed SCXW159703670 BCX0\">Beretta<\/span><span class=\"NormalTextRun SCXW159703670 BCX0\">\u202festan en les millors mans. <strong>Confia en\u202f<\/strong><\/span><strong><span class=\"NormalTextRun SpellingErrorV2Themed SCXW159703670 BCX0\">Servisat<\/span><\/strong><span class=\"NormalTextRun SCXW159703670 BCX0\"><strong>\u202fper a mantenir el confort i la seguretat de la teva llar amb un servei t\u00e8cnic a l&#8217;altura de les teves expectatives<\/strong>.<\/span><\/span><span class=\"LineBreakBlob BlobObject DragDrop SCXW159703670 BCX0\"><span class=\"SCXW159703670 BCX0\">\u00a0<\/span><br class=\"SCXW159703670 BCX0\" \/><\/span><span class=\"LineBreakBlob BlobObject DragDrop SCXW159703670 BCX0\"><span class=\"SCXW159703670 BCX0\">\u00a0<\/span><br class=\"SCXW159703670 BCX0\" \/><\/span><span class=\"TextRun SCXW159703670 BCX0\" lang=\"CA-ES\" xml:lang=\"CA-ES\" data-contrast=\"auto\"><span class=\"NormalTextRun SCXW159703670 BCX0\">El nostre objectiu \u00e9s brindar-te un <strong>servei de qualitat a preus altament competitius<\/strong>, assegurant el m\u00e0xim confort en la teva llar. Sol\u00b7licita la teva revisi\u00f3 avui i gaudeix de la tranquil\u00b7litat d&#8217;un servei t\u00e8cnic oficial!<\/span><\/span><\/p>\n<p>[\/vc_column_text][vc_mad_btn title=&#8221;Descobreix les nostres tarifes&#8221; size=&#8221;btn-small&#8221; icon=&#8221;&#8221; link=&#8221;url:https%3A%2F%2Fservisat.net%2Fca%2Ftarifes%2F|title:Tarifas&#8221;][\/vc_column][vc_column width=&#8221;1\/2&#8243; offset=&#8221;vc_col-lg-7 vc_col-md-12 vc_col-xs-12&#8243;][vc_single_image image=&#8221;12976&#8243; img_size=&#8221;full&#8221; css=&#8221;&#8221;][\/vc_column][\/vc_row][vc_row full_width=&#8221;stretch_row&#8221; bg_type=&#8221;image&#8221; parallax_style=&#8221;vcpb-default&#8221; bg_image_new=&#8221;id^13015|url^https:\/\/servisat.net\/wp-content\/uploads\/2025\/03\/SERVISAT_Banner.png|caption^SERVISAT_Banner|alt^SERVISAT_Banner|title^SERVISAT_Banner|description^SERVISAT_Banner&#8221; css=&#8221;.vc_custom_1741593469375{margin-top: 15px !important;padding-top: 110px !important;padding-bottom: 110px !important;}&#8221;][vc_column][vc_column_text]<\/p>\n<h3 style=\"text-align: center;\"><strong><span style=\"color: #ffffff;\"><span class=\"NormalTextRun SCXW189394500 BCX0\"><span class=\"NormalTextRun SCXW84820824 BCX0\">Confia en<\/span><span class=\"NormalTextRun SCXW84820824 BCX0\">\u202f<\/span><span class=\"NormalTextRun SpellingErrorV2Themed SCXW84820824 BCX0\">Servisa<\/span><span class=\"NormalTextRun SpellingErrorV2Themed SCXW84820824 BCX0\">t<\/span><span class=\"NormalTextRun SCXW84820824 BCX0\">, el servei t\u00e8cnic oficial de<\/span><span class=\"NormalTextRun SCXW84820824 BCX0\">\u202f<\/span><span class=\"NormalTextRun SpellingErrorV2Themed SCXW84820824 BCX0\">Berett<\/span><span class=\"NormalTextRun SpellingErrorV2Themed SCXW84820824 BCX0\">a<\/span><span class=\"NormalTextRun SCXW84820824 BCX0\">\u202fa Barcelona i gaudeix de la tranquil\u00b7litat d&#8217;un servei expert i comprom\u00e8s.<\/span><\/span><\/span><\/strong><\/h3>\n<p>[\/vc_column_text][\/vc_column][\/vc_row][vc_row full_width=&#8221;stretch_row_content&#8221; equal_height=&#8221;yes&#8221; css=&#8221;.vc_custom_1738826615628{padding-right: 30px !important;}&#8221;][vc_column width=&#8221;1\/2&#8243; css=&#8221;.vc_custom_1738826532390{background-image: url(https:\/\/servisat.net\/wp-content\/uploads\/2025\/01\/Servisat_Beretta_calderas_y_calentadores.jpg?id=12813) !important;background-position: center !important;background-repeat: no-repeat !important;background-size: cover !important;}&#8221;][\/vc_column][vc_column width=&#8221;1\/2&#8243; css=&#8221;.vc_custom_1738827255292{padding-top: 50px !important;padding-bottom: 50px !important;padding-left: 20px !important;}&#8221;][vc_custom_heading text=&#8221;SERVISAT\u202f\u00c9S MOLT M\u00c9S&#8221; font_container=&#8221;tag:h5|font_size:18|text_align:left|color:%237C7C7C|line_height:24px&#8221; el_class=&#8221;section-sub-title&#8221;][vc_custom_heading text=&#8221;Qualitat i rapidesa en el servei t\u00e8cnic oficial de calderes i escalfadors\u202fBeretta&#8221; font_container=&#8221;tag:h1|font_size:48|text_align:left|color:%2395AA21|line_height:60px&#8221; el_class=&#8221;section-title&#8221;][vc_mad_list_styles values=&#8221;Estat i efici\u00e8ncia dels cremadors i conductes d&#8217;evacuaci\u00f3 de gasos, assegurant una combusti\u00f3 neta i efica\u00e7. |Control de les connexions i estanquitat de tot el sistema per a evitar possibles fugides. |Inspecci\u00f3 dels sistemes d&#8217;encesa i seguretat, assegurant el correcte funcionament dels sensors i v\u00e0lvules de tall en cas d&#8217;emerg\u00e8ncia. |Revisi\u00f3 de la pressi\u00f3 i temperatura per a ajustar l&#8217;equip segons les necessitats de cada llar, millorant l&#8217;efici\u00e8ncia i reduint el consum energ\u00e8tic. ,&#8221; layout=&#8221;type-1 var2&#8243;][vc_column_text]<\/p>\n<p style=\"text-align: justify;\"><span class=\"NormalTextRun SCXW232668221 BCX0\">Aquest servei de revisi\u00f3 obligat\u00f2ria no sols \u00e9s una mesura de seguretat, sin\u00f3 que tamb\u00e9 assegura que la teva caldera mantingui un rendiment \u00f2ptim, ajudant a prolongar la seva vida \u00fatil i prevenir avaries futures. A m\u00e9s, amb <strong>la revisi\u00f3 obligat\u00f2ria de\u202f<\/strong><\/span><strong><span class=\"NormalTextRun SpellingErrorV2Themed SCXW232668221 BCX0\">Servisat<\/span><\/strong><span class=\"NormalTextRun SCXW232668221 BCX0\">, pots evitar sancions i tenir la tranquil\u00b7litat de comptar amb un equip de calefacci\u00f3 que compleix amb totes les normatives.<\/span><\/p>\n<p>[\/vc_column_text][\/vc_column][\/vc_row][vc_column][\/vc_column]<\/p>\n<\/div>","protected":false},"excerpt":{"rendered":"<p>[vc_row full_width=&#8221;stretch_row_content_no_spaces&#8221; content_width=&#8221;extra-width-2&#8243; css=&#8221;.vc_custom_1737711094299{margin-top: 0px !important;margin-bottom: 0px !important;padding-top: 90px !important;padding-bottom: 0px !important;}&#8221;][vc_column width=&#8221;1\/2&#8243; offset=&#8221;vc_col-lg-5 vc_col-md-12 vc_col-xs-12&#8243;][vc_custom_heading text=&#8221;QU\u00c8 PODEM OFERIR-TE?&#8221; font_container=&#8221;tag:h5|font_size:18|text_align:left|color:%237C7C7C|line_height:24px&#8221; el_class=&#8221;section-sub-title&#8221;][vc_custom_heading text=&#8221;Serveis especialitzats per a calderes i escalfadors\u202fBeretta&#8221; font_container=&#8221;tag:h1|font_size:48|text_align:left|color:%2395AA21|line_height:60px&#8221; el_class=&#8221;section-title&#8221;][vc_column_text css=&#8221;.vc_custom_1742473716311{margin-bottom: 30px !important;padding-bottom: 0px !important;}&#8221;] A\u202fServisat\u202foferim una gamma completa de serveis especialitzats en calderes i escalfadors\u202fBeretta, dissenyats per a assegurar el m\u00e0xim rendiment i durabilitat [&hellip;]<\/p>\n","protected":false},"author":1,"featured_media":0,"parent":0,"menu_order":0,"comment_status":"closed","ping_status":"closed","template":"","meta":{"footnotes":""},"class_list":["post-13138","page","type-page","status-publish","hentry"],"aioseo_notices":[],"_links":{"self":[{"href":"https:\/\/servisat.net\/ca\/wp-json\/wp\/v2\/pages\/13138","targetHints":{"allow":["GET"]}}],"collection":[{"href":"https:\/\/servisat.net\/ca\/wp-json\/wp\/v2\/pages"}],"about":[{"href":"https:\/\/servisat.net\/ca\/wp-json\/wp\/v2\/types\/page"}],"author":[{"embeddable":true,"href":"https:\/\/servisat.net\/ca\/wp-json\/wp\/v2\/users\/1"}],"replies":[{"embeddable":true,"href":"https:\/\/servisat.net\/ca\/wp-json\/wp\/v2\/comments?post=13138"}],"version-history":[{"count":4,"href":"https:\/\/servisat.net\/ca\/wp-json\/wp\/v2\/pages\/13138\/revisions"}],"predecessor-version":[{"id":13168,"href":"https:\/\/servisat.net\/ca\/wp-json\/wp\/v2\/pages\/13138\/revisions\/13168"}],"wp:attachment":[{"href":"https:\/\/servisat.net\/ca\/wp-json\/wp\/v2\/media?parent=13138"}],"curies":[{"name":"wp","href":"https:\/\/api.w.org\/{rel}","templated":true}]}}