{"id":13130,"date":"2025-01-15T16:32:31","date_gmt":"2025-01-15T15:32:31","guid":{"rendered":"https:\/\/servisat.net\/conocenos\/"},"modified":"2025-03-20T13:06:02","modified_gmt":"2025-03-20T12:06:02","slug":"servisat","status":"publish","type":"page","link":"https:\/\/servisat.net\/ca\/servisat\/","title":{"rendered":"Servisat"},"content":{"rendered":"<div class=\"wpb-content-wrapper\"><p>[vc_row full_width=&#8221;stretch_row_content_no_spaces&#8221; content_width=&#8221;extra-width-2&#8243; css=&#8221;.vc_custom_1738309348426{padding-top: 90px !important;padding-bottom: 60px !important;}&#8221;][vc_column][vc_mad_text_welcome image1=&#8221;12972&#8243; icon1=&#8221;licon-man2&#8243; icon2=&#8221;licon-users-plus&#8221; icon3=&#8221;licon-star&#8221; icon4=&#8221;licon-coin-euro&#8221; subtitle=&#8221;SERVISAT&#8221; title=&#8221;M\u00e9s de 25 anys cuidant el teu confort&#8221; link1=&#8221;#&#8221; title1=&#8221;M\u00e9s de 20 professionals&#8221; title2=&#8221;+ de 50.000 clients satisfets&#8221; title3=&#8221;Servei t\u00e8cnic oficial&#8221; title4=&#8221;Preus competitius&#8221;]<\/p>\n<p style=\"text-align: justify;\"><span class=\"NormalTextRun SCXW159228148 BCX0\">A\u202f<\/span><span class=\"NormalTextRun SpellingErrorV2Themed SCXW159228148 BCX0\">Servisat<\/span><span class=\"NormalTextRun SCXW159228148 BCX0\">\u202fManteniment i S.A.T., S.L. comptem amb m\u00e9s de 25 anys d&#8217;experi\u00e8ncia com a Servei T\u00e8cnic Oficial de\u202f<\/span><span class=\"NormalTextRun SpellingErrorV2Themed SCXW159228148 BCX0\">Beretta<\/span><span class=\"NormalTextRun SCXW159228148 BCX0\">, brindant manteniment i reparaci\u00f3 de calderes i escalfadors\u202f<\/span><span class=\"NormalTextRun SpellingErrorV2Themed SCXW159228148 BCX0\">Beretta<\/span><span class=\"NormalTextRun SCXW159228148 BCX0\">\u202fa les comarques del Barcelon\u00ed, Baix Llobregat i Vall\u00e8s Occidental. Des de la nostra fundaci\u00f3 en 1998, hem consolidat una reputaci\u00f3 basada en la qualitat, el lideratge i una vocaci\u00f3 de servei, amb un equip de m\u00e9s de 20 professionals compromesos amb la satisfacci\u00f3 i seguretat dels nostres clients.<\/span><\/p>\n<p>[\/vc_mad_text_welcome][\/vc_column][\/vc_row][vc_row full_width=&#8221;stretch_row_content_no_spaces&#8221; bg_type=&#8221;image&#8221; css=&#8221;.vc_custom_1741623109388{background-color: #212121 !important;background-position: center !important;background-repeat: no-repeat !important;background-size: cover !important;}&#8221;][vc_column][vc_mad_accordion_with_image tag_title=&#8221;h2&#8243; type_block=&#8221;extra-width-2&#8243; image=&#8221;12783&#8243;][vc_mad_accordion_with_image_item title=&#8221;La nostra missi\u00f3&#8221;][vc_column_text]<\/p>\n<p style=\"text-align: justify;\"><span class=\"TextRun SCXW121487328 BCX0\" lang=\"CA-ES\" xml:lang=\"CA-ES\" data-contrast=\"auto\"><span class=\"NormalTextRun SCXW121487328 BCX0\">La nostra missi\u00f3 \u00e9s oferir solucions integrals i personalitzades per a cada client, amb un servei d&#8217;alta qualitat i preus competitius. Volem ser m\u00e9s que un prove\u00efdor de serveis; busquem establir una relaci\u00f3 de confian\u00e7a a llarg termini, amb l&#8217;objectiu de millorar el benestar i confort de les llars que confien en nosaltres.<\/span><\/span><span class=\"LineBreakBlob BlobObject DragDrop SCXW121487328 BCX0\"><span class=\"SCXW121487328 BCX0\">\u00a0<\/span><br class=\"SCXW121487328 BCX0\" \/><\/span><\/p>\n<p>[\/vc_column_text][\/vc_mad_accordion_with_image_item][vc_mad_accordion_with_image_item open=&#8221;1&#8243; title=&#8221;La nostra visi\u00f3&#8221;][vc_column_text]<\/p>\n<p style=\"text-align: justify;\"><span class=\"TextRun SCXW121487328 BCX0\" lang=\"CA-ES\" xml:lang=\"CA-ES\" data-contrast=\"auto\"><span class=\"NormalTextRun SCXW121487328 BCX0\">La nostra visi\u00f3 \u00e9s expandir la nostra cobertura en tota l&#8217;\u00e0rea de Barcelona, posicionant-nos com a l\u00edders en servei t\u00e8cnic\u202f<\/span><span class=\"NormalTextRun SpellingErrorV2Themed SCXW121487328 BCX0\">Beretta<\/span><span class=\"NormalTextRun SCXW121487328 BCX0\">\u202fde calderes i escalfadors, abastant tots els aspectes: des de l&#8217;atenci\u00f3 al client fins a la reparaci\u00f3 i manteniment de\u202f<\/span><span class=\"NormalTextRun SpellingErrorV2Themed SCXW121487328 BCX0\">Beretta<\/span><span class=\"NormalTextRun SCXW121487328 BCX0\">\u202fcalderes i escalfadors.<\/span><\/span><span class=\"LineBreakBlob BlobObject DragDrop SCXW121487328 BCX0\"><span class=\"SCXW121487328 BCX0\">\u00a0<\/span><br class=\"SCXW121487328 BCX0\" \/><\/span><\/p>\n<p>[\/vc_column_text][\/vc_mad_accordion_with_image_item][vc_mad_accordion_with_image_item title=&#8221;El nostre lema&#8221;][vc_column_text]<\/p>\n<p style=\"text-align: justify;\"><span class=\"TextRun SCXW151431405 BCX0\" lang=\"CA-ES\" xml:lang=\"CA-ES\" data-contrast=\"auto\"><span class=\"NormalTextRun SCXW151431405 BCX0\">Amb m\u00e9s de 50.000 clients i 10.000 contractes de manteniment,\u202f<\/span><span class=\"NormalTextRun SpellingErrorV2Themed SCXW151431405 BCX0\">Servisat<\/span><span class=\"NormalTextRun SCXW151431405 BCX0\">\u202fs&#8217;enorgulleix de ser un referent en el sector. El nostre lema, \u201c<strong>dia a dia, millor servei<\/strong>\u201d, representa el comprom\u00eds diari de cada membre del nostre equip, que treballa incansablement per a mantenir els m\u00e9s alts est\u00e0ndards de qualitat en cada intervenci\u00f3.<\/span><\/span><span class=\"EOP SCXW151431405 BCX0\" data-ccp-props=\"{}\">\u00a0<\/span><\/p>\n<p>[\/vc_column_text][\/vc_mad_accordion_with_image_item][\/vc_mad_accordion_with_image][\/vc_column][\/vc_row][vc_row][vc_column]<div id=\"ultimate-heading-38469f18c5ea0183\" class=\"uvc-heading ult-adjust-bottom-margin ultimate-heading-38469f18c5ea0183 uvc-436 \" data-hspacer=\"no_spacer\"  data-halign=\"center\" style=\"text-align:center\"><div class=\"uvc-heading-spacer no_spacer\" style=\"top\"><\/div><div class=\"uvc-main-heading ult-responsive\"  data-ultimate-target='.uvc-heading.ultimate-heading-38469f18c5ea0183 h5'  data-responsive-json-new='{\"font-size\":\"\",\"line-height\":\"\"}' ><h5 style=\"font-weight:normal;margin-top:70px;\">Beretta\u202fcalderes i escalfadors<\/h5><\/div><div class=\"uvc-sub-heading ult-responsive\"  data-ultimate-target='.uvc-heading.ultimate-heading-38469f18c5ea0183 .uvc-sub-heading '  data-responsive-json-new='{\"font-size\":\"\",\"line-height\":\"\"}'  style=\"font-weight:normal;margin-bottom:70px;\"><\/p>\n<h2 style=\"text-align: center;\"><span class=\"TextRun SCXW259674264 BCX0\" lang=\"CA-ES\" xml:lang=\"CA-ES\" data-contrast=\"auto\"><span class=\"NormalTextRun SCXW259674264 BCX0\">Per qu\u00e8 triar-nos?<\/span><\/span><\/h2>\n<p><\/div><\/div>[vc_row_inner][vc_column_inner width=&#8221;1\/3&#8243;]<div id=\"ultimate-heading-95869f18c5ea0221\" class=\"uvc-heading ult-adjust-bottom-margin ultimate-heading-95869f18c5ea0221 uvc-6958 \" data-hspacer=\"no_spacer\"  data-halign=\"center\" style=\"text-align:center\"><div class=\"uvc-heading-spacer no_spacer\" style=\"top\"><\/div><div class=\"uvc-main-heading ult-responsive\"  data-ultimate-target='.uvc-heading.ultimate-heading-95869f18c5ea0221 h4'  data-responsive-json-new='{\"font-size\":\"\",\"line-height\":\"\"}' ><h4 style=\"font-weight:normal;margin-bottom:25px;\">Servei t\u00e8cnic oficial<\/h4><\/div><\/div>[vc_column_text]<\/p>\n<p style=\"text-align: justify;\"><span class=\"TextRun SCXW259674264 BCX0\" lang=\"CA-ES\" xml:lang=\"CA-ES\" data-contrast=\"auto\"><span class=\"NormalTextRun SCXW259674264 BCX0\">Triar<\/span><span class=\"NormalTextRun SCXW259674264 BCX0\">\u202f<\/span><span class=\"NormalTextRun SpellingErrorV2Themed SCXW259674264 BCX0\">Servisa<\/span><span class=\"NormalTextRun SpellingErrorV2Themed SCXW259674264 BCX0\">t<\/span><span class=\"NormalTextRun SCXW259674264 BCX0\">\u202fsignifica confiar en un equip autoritzat i certificat per<\/span><span class=\"NormalTextRun SCXW259674264 BCX0\">\u202f<\/span><span class=\"NormalTextRun SpellingErrorV2Themed SCXW259674264 BCX0\">Berett<\/span><span class=\"NormalTextRun SpellingErrorV2Themed SCXW259674264 BCX0\">a<\/span><span class=\"NormalTextRun SCXW259674264 BCX0\">. Els nostres t\u00e8cnics altament qualificats estan formats espec\u00edficament en els productes de la marca, la qual cosa assegura que cada intervenci\u00f3 compleix amb els est\u00e0ndards de qualitat m\u00e9s alts. Aquest comprom\u00eds ens permet oferir-te la garantia i suport que nom\u00e9s un Servei T\u00e8cnic Oficial pot brindar, realitzant centenars de revisions anuals de calderes i escalfadors<\/span><span class=\"NormalTextRun SCXW259674264 BCX0\">\u202f<\/span><span class=\"NormalTextRun SpellingErrorV2Themed SCXW259674264 BCX0\">Berett<\/span><span class=\"NormalTextRun SpellingErrorV2Themed SCXW259674264 BCX0\">a<\/span><span class=\"NormalTextRun SCXW259674264 BCX0\">.<\/span><\/span><span class=\"LineBreakBlob BlobObject DragDrop SCXW259674264 BCX0\"><span class=\"SCXW259674264 BCX0\">\u00a0<\/span><br class=\"SCXW259674264 BCX0\" \/><\/span><\/p>\n<p>[\/vc_column_text][\/vc_column_inner][vc_column_inner width=&#8221;1\/3&#8243;]<div id=\"ultimate-heading-779769f18c5ea0267\" class=\"uvc-heading ult-adjust-bottom-margin ultimate-heading-779769f18c5ea0267 uvc-7237 \" data-hspacer=\"no_spacer\"  data-halign=\"center\" style=\"text-align:center\"><div class=\"uvc-heading-spacer no_spacer\" style=\"top\"><\/div><div class=\"uvc-main-heading ult-responsive\"  data-ultimate-target='.uvc-heading.ultimate-heading-779769f18c5ea0267 h4'  data-responsive-json-new='{\"font-size\":\"\",\"line-height\":\"\"}' ><h4 style=\"font-weight:normal;margin-bottom:25px;\">Atenci\u00f3 personalitzada<\/h4><\/div><\/div>[vc_column_text]<\/p>\n<p style=\"text-align: justify;\"><span class=\"TextRun SCXW259674264 BCX0\" lang=\"CA-ES\" xml:lang=\"CA-ES\" data-contrast=\"auto\"><span class=\"NormalTextRun SCXW259674264 BCX0\">A<\/span><span class=\"NormalTextRun SCXW259674264 BCX0\">\u202f<\/span><span class=\"NormalTextRun SpellingErrorV2Themed SCXW259674264 BCX0\">Servisa<\/span><span class=\"NormalTextRun SpellingErrorV2Themed SCXW259674264 BCX0\">t<\/span><span class=\"NormalTextRun SCXW259674264 BCX0\">\u202fvalorem el teu temps i comoditat. Ens enfoquem a brindar una atenci\u00f3 al client excepcional. El nostre equip de suport est\u00e0 sempre disponible per a resoldre els teus dubtes. Oferim un sistema de cita pr\u00e8via perqu\u00e8 s\u00e0pigues quan arribar\u00e0 el nostre t\u00e8cnic i puguis organitzar-te amb tranquil\u00b7litat. Sabem que la comoditat i seguretat de la teva llar s\u00f3n primordials, per la qual cosa cada intervenci\u00f3 s&#8217;adapta a les teves necessitats espec\u00edfiques.<\/span><\/span><span class=\"LineBreakBlob BlobObject DragDrop SCXW259674264 BCX0\"><span class=\"SCXW259674264 BCX0\">\u00a0<\/span><br class=\"SCXW259674264 BCX0\" \/><\/span><\/p>\n<p>[\/vc_column_text][\/vc_column_inner][vc_column_inner width=&#8221;1\/3&#8243;]<div id=\"ultimate-heading-921169f18c5ea02a6\" class=\"uvc-heading ult-adjust-bottom-margin ultimate-heading-921169f18c5ea02a6 uvc-2448 \" data-hspacer=\"no_spacer\"  data-halign=\"center\" style=\"text-align:center\"><div class=\"uvc-heading-spacer no_spacer\" style=\"top\"><\/div><div class=\"uvc-main-heading ult-responsive\"  data-ultimate-target='.uvc-heading.ultimate-heading-921169f18c5ea02a6 h4'  data-responsive-json-new='{\"font-size\":\"\",\"line-height\":\"\"}' ><h4 style=\"font-weight:normal;margin-bottom:25px;\">Optimitzaci\u00f3 del consum i estalvi<\/h4><\/div><\/div>[vc_column_text]<\/p>\n<p style=\"text-align: justify;\"><span class=\"TextRun SCXW23383381 BCX0\" lang=\"CA-ES\" xml:lang=\"CA-ES\" data-contrast=\"auto\"><span class=\"NormalTextRun SCXW23383381 BCX0\">Els nostres serveis de manteniment asseguren la seguretat de la teva caldera o escalfador, a m\u00e9s d&#8217;optimitzar la seva efici\u00e8ncia. Revisem cada component per a garantir un consum eficient, ajudant-te a reduir la teva factura energ\u00e8tica i a cuidar el medi ambient. A m\u00e9s, prolonguem la vida \u00fatil del teu equip i evitem costoses reparacions.<\/span><span class=\"NormalTextRun SCXW23383381 BCX0\">\u202f<\/span><span class=\"NormalTextRun SpellingErrorV2Themed SCXW23383381 BCX0\">Servisa<\/span><span class=\"NormalTextRun SpellingErrorV2Themed SCXW23383381 BCX0\">t<\/span><span class=\"NormalTextRun SCXW23383381 BCX0\">\u202ft&#8217;ofereix tranquil\u00b7litat a llarg termini, ajudant-te a mantenir la teva caldera en condicions \u00f2ptimes i evitant sorpreses.<\/span><\/span><span class=\"EOP SCXW23383381 BCX0\" data-ccp-props=\"{}\">\u00a0<\/span><\/p>\n<p>[\/vc_column_text][\/vc_column_inner][\/vc_row_inner][vc_row_inner css=&#8221;.vc_custom_1737629200935{padding-bottom: 100px !important;}&#8221;][vc_column_inner width=&#8221;1\/3&#8243;]<div id=\"ultimate-heading-707369f18c5ea02e3\" class=\"uvc-heading ult-adjust-bottom-margin ultimate-heading-707369f18c5ea02e3 uvc-6804 \" data-hspacer=\"no_spacer\"  data-halign=\"center\" style=\"text-align:center\"><div class=\"uvc-heading-spacer no_spacer\" style=\"top\"><\/div><div class=\"uvc-main-heading ult-responsive\"  data-ultimate-target='.uvc-heading.ultimate-heading-707369f18c5ea02e3 h4'  data-responsive-json-new='{\"font-size\":\"\",\"line-height\":\"\"}' ><h4 style=\"font-weight:normal;margin-bottom:25px;\">Recanvis originals<\/h4><\/div><\/div>[vc_column_text]<\/p>\n<p style=\"text-align: justify;\">Al ser Servei T\u00e8cnic Oficial de Beretta, treballem \u00fanicament amb recanvis originals i seguim protocols de manteniment aprovats pel fabricant. Aix\u00f2 assegura el rendiment \u00f2ptim de cada caldera i la prolongaci\u00f3 de la seva vida \u00fatil i la reducci\u00f3 d&#8217;avaries futures.<\/p>\n<p>[\/vc_column_text][\/vc_column_inner][vc_column_inner width=&#8221;1\/3&#8243;]<div id=\"ultimate-heading-863469f18c5ea031f\" class=\"uvc-heading ult-adjust-bottom-margin ultimate-heading-863469f18c5ea031f uvc-9296 \" data-hspacer=\"no_spacer\"  data-halign=\"center\" style=\"text-align:center\"><div class=\"uvc-heading-spacer no_spacer\" style=\"top\"><\/div><div class=\"uvc-main-heading ult-responsive\"  data-ultimate-target='.uvc-heading.ultimate-heading-863469f18c5ea031f h4'  data-responsive-json-new='{\"font-size\":\"\",\"line-height\":\"\"}' ><h4 style=\"font-weight:normal;margin-bottom:25px;\">Preus competitius i transpar\u00e8ncia<\/h4><\/div><\/div>[vc_column_text]<\/p>\n<p style=\"text-align: justify;\">Oferim serveis d&#8217;alta qualitat a preus ajustats, sense sorpreses. Ens enorgulleix poder oferir preus competitius en tots els nostres serveis, des del manteniment preventiu fins a les reparacions, assegurant un equilibri entre qualitat i cost.<\/p>\n<p>[\/vc_column_text][\/vc_column_inner][vc_column_inner width=&#8221;1\/3&#8243;]<div id=\"ultimate-heading-539469f18c5ea0359\" class=\"uvc-heading ult-adjust-bottom-margin ultimate-heading-539469f18c5ea0359 uvc-1062 \" data-hspacer=\"no_spacer\"  data-halign=\"center\" style=\"text-align:center\"><div class=\"uvc-heading-spacer no_spacer\" style=\"top\"><\/div><div class=\"uvc-main-heading ult-responsive\"  data-ultimate-target='.uvc-heading.ultimate-heading-539469f18c5ea0359 h4'  data-responsive-json-new='{\"font-size\":\"\",\"line-height\":\"\"}' ><h4 style=\"font-weight:normal;margin-bottom:25px;\">Seguretat i normativa<\/h4><\/div><\/div>[vc_column_text]<\/p>\n<p style=\"text-align: justify;\">A Servisat, ens assegurem que la teva caldera compleixi amb les normatives de seguretat i medi ambient. Els nostres serveis inclouen la revisi\u00f3 obligat\u00f2ria, per al correcte funcionament i efici\u00e8ncia del teu sistema de calefacci\u00f3, ajudant-te a evitar riscos i sancions.<\/p>\n<p>[\/vc_column_text][\/vc_column_inner][\/vc_row_inner][\/vc_column][\/vc_row][vc_row full_width=&#8221;stretch_row&#8221; bg_type=&#8221;image&#8221; parallax_style=&#8221;vcpb-default&#8221; bg_image_new=&#8221;id^13015|url^https:\/\/servisat.net\/wp-content\/uploads\/2025\/03\/SERVISAT_Banner.png|caption^SERVISAT_Banner|alt^SERVISAT_Banner|title^SERVISAT_Banner|description^SERVISAT_Banner&#8221; css=&#8221;.vc_custom_1741593409780{padding-top: 110px !important;padding-bottom: 110px !important;}&#8221;][vc_column][vc_column_text]<\/p>\n<h3 style=\"text-align: center;\"><strong><span style=\"color: #ffffff;\"><span class=\"NormalTextRun SCXW189394500 BCX0\"><span class=\"NormalTextRun SCXW24061074 BCX0\">Confia en<\/span><span class=\"NormalTextRun SCXW24061074 BCX0\">\u202f<\/span><span class=\"NormalTextRun SpellingErrorV2Themed SCXW24061074 BCX0\">Servisa<\/span><span class=\"NormalTextRun SpellingErrorV2Themed SCXW24061074 BCX0\">t<\/span><span class=\"NormalTextRun SCXW24061074 BCX0\">, el servei t\u00e8cnic oficial de<\/span><span class=\"NormalTextRun SCXW24061074 BCX0\">\u202f<\/span><span class=\"NormalTextRun SpellingErrorV2Themed SCXW24061074 BCX0\">Berett<\/span><span class=\"NormalTextRun SpellingErrorV2Themed SCXW24061074 BCX0\">a<\/span><span class=\"NormalTextRun SCXW24061074 BCX0\">\u202fa Barcelona i gaudeix de la tranquil\u00b7litat d&#8217;un servei expert i comprom\u00e8s<\/span><\/span><\/span><\/strong><\/h3>\n<p>[\/vc_column_text][\/vc_column][\/vc_row][vc_row full_width=&#8221;stretch_row_content_no_spaces&#8221;][vc_column][vc_mad_form_with_image image=&#8221;12809&#8243; subtitle=&#8221;CONTACTE&#8221; title=&#8221;Contacta amb nosaltres i descobreix la difer\u00e8ncia de triar un servei t\u00e8cnic professional i autoritzat en calderes i escalfadors\u202fBeretta!&#8221; form_add=&#8221;`{`contact-form-7 id=&#8220;c584dff&#8220; title=&#8220;Formulario de contacto HOME_CAT&#8220;`}`&#8221;][\/vc_mad_form_with_image][\/vc_column][\/vc_row]<\/p>\n<\/div>","protected":false},"excerpt":{"rendered":"<p>[vc_row full_width=&#8221;stretch_row_content_no_spaces&#8221; content_width=&#8221;extra-width-2&#8243; css=&#8221;.vc_custom_1738309348426{padding-top: 90px !important;padding-bottom: 60px !important;}&#8221;][vc_column][vc_mad_text_welcome image1=&#8221;12972&#8243; icon1=&#8221;licon-man2&#8243; icon2=&#8221;licon-users-plus&#8221; icon3=&#8221;licon-star&#8221; icon4=&#8221;licon-coin-euro&#8221; subtitle=&#8221;SERVISAT&#8221; title=&#8221;M\u00e9s de 25 anys cuidant el teu confort&#8221; link1=&#8221;#&#8221; title1=&#8221;M\u00e9s de 20 professionals&#8221; title2=&#8221;+ de 50.000 clients satisfets&#8221; title3=&#8221;Servei t\u00e8cnic oficial&#8221; title4=&#8221;Preus competitius&#8221;] A\u202fServisat\u202fManteniment i S.A.T., S.L. comptem amb m\u00e9s de 25 anys d&#8217;experi\u00e8ncia com a Servei T\u00e8cnic Oficial de\u202fBeretta, brindant [&hellip;]<\/p>\n","protected":false},"author":1,"featured_media":0,"parent":0,"menu_order":0,"comment_status":"closed","ping_status":"closed","template":"","meta":{"footnotes":""},"class_list":["post-13130","page","type-page","status-publish","hentry"],"aioseo_notices":[],"_links":{"self":[{"href":"https:\/\/servisat.net\/ca\/wp-json\/wp\/v2\/pages\/13130","targetHints":{"allow":["GET"]}}],"collection":[{"href":"https:\/\/servisat.net\/ca\/wp-json\/wp\/v2\/pages"}],"about":[{"href":"https:\/\/servisat.net\/ca\/wp-json\/wp\/v2\/types\/page"}],"author":[{"embeddable":true,"href":"https:\/\/servisat.net\/ca\/wp-json\/wp\/v2\/users\/1"}],"replies":[{"embeddable":true,"href":"https:\/\/servisat.net\/ca\/wp-json\/wp\/v2\/comments?post=13130"}],"version-history":[{"count":7,"href":"https:\/\/servisat.net\/ca\/wp-json\/wp\/v2\/pages\/13130\/revisions"}],"predecessor-version":[{"id":13158,"href":"https:\/\/servisat.net\/ca\/wp-json\/wp\/v2\/pages\/13130\/revisions\/13158"}],"wp:attachment":[{"href":"https:\/\/servisat.net\/ca\/wp-json\/wp\/v2\/media?parent=13130"}],"curies":[{"name":"wp","href":"https:\/\/api.w.org\/{rel}","templated":true}]}}