{"id":13127,"date":"2024-11-08T09:00:29","date_gmt":"2024-11-08T08:00:29","guid":{"rendered":"https:\/\/servisat.net\/inicio\/"},"modified":"2025-03-20T13:17:55","modified_gmt":"2025-03-20T12:17:55","slug":"inicio","status":"publish","type":"page","link":"https:\/\/servisat.net\/ca\/","title":{"rendered":"Inici"},"content":{"rendered":"<div class=\"wpb-content-wrapper\"><p>[vc_row full_width=&#8221;stretch_row_content_no_spaces&#8221; css=&#8221;.vc_custom_1514384812749{margin-top: 0px !important;margin-bottom: 0px !important;padding-top: 0px !important;padding-bottom: 0px !important;}&#8221;][vc_column][rev_slider_vc alias=&#8221;slider-cast-1&#8243;][\/vc_column][\/vc_row][vc_row full_width=&#8221;stretch_row_content_no_spaces&#8221; content_width=&#8221;extra-width-2&#8243; css=&#8221;.vc_custom_1738233293808{margin-top: 0px !important;margin-bottom: 0px !important;padding-top: 60px !important;padding-bottom: 90px !important;}&#8221;][vc_column width=&#8221;5\/12&#8243; offset=&#8221;vc_col-lg-5 vc_col-md-12 vc_col-xs-12&#8243;][vc_custom_heading text=&#8221;SERVISAT&#8221; font_container=&#8221;tag:h5|font_size:18|text_align:left|line_height:24px&#8221; el_class=&#8221;section-sub-title&#8221;][vc_custom_heading text=&#8221;M\u00e9s de 25 anys cuidant el teu confort&#8221; font_container=&#8221;tag:h1|font_size:48|text_align:left|line_height:60px&#8221; el_class=&#8221;section-title&#8221;][vc_column_text css=&#8221;.vc_custom_1742468936154{margin-bottom: 30px !important;padding-bottom: 0px !important;}&#8221;]<\/p>\n<p style=\"text-align: justify;\"><span class=\"NormalTextRun SCXW208408645 BCX0\">A <\/span><span class=\"NormalTextRun SCXW208408645 BCX0\">\u202f<\/span><strong><span class=\"NormalTextRun SpellingErrorV2Themed SCXW208408645 BCX0\">Servisa<\/span><span class=\"NormalTextRun SpellingErrorV2Themed SCXW208408645 BCX0\">t<\/span><\/strong><span class=\"NormalTextRun SCXW208408645 BCX0\"><strong>\u202fManteniment i S.A.T., S.L<\/strong>. comptem amb m\u00e9s de 25 anys d&#8217;experi\u00e8ncia com a Servei T\u00e8cnic Oficial de<\/span><span class=\"NormalTextRun SCXW208408645 BCX0\">\u202f<\/span><span class=\"NormalTextRun SpellingErrorV2Themed SCXW208408645 BCX0\">Berett<\/span><span class=\"NormalTextRun SpellingErrorV2Themed SCXW208408645 BCX0\">a<\/span><span class=\"NormalTextRun SCXW208408645 BCX0\">, brindant manteniment i reparaci\u00f3 de calderes i escalfadors<\/span><span class=\"NormalTextRun SCXW208408645 BCX0\">\u202f<\/span><span class=\"NormalTextRun SpellingErrorV2Themed SCXW208408645 BCX0\">Berett<\/span><span class=\"NormalTextRun SpellingErrorV2Themed SCXW208408645 BCX0\">a<\/span><span class=\"NormalTextRun SCXW208408645 BCX0\">\u202fa les comarques del Barcelon\u00ed, Baix Llobregat i Vall\u00e8s Occidental. Des de la nostra fundaci\u00f3 en 1998, hem consolidat una reputaci\u00f3 basada en la qualitat, el lideratge i una vocaci\u00f3 de servei, amb un equip de m\u00e9s de 20 professionals compromesos amb la satisfacci\u00f3 i seguretat dels nostres clients.<\/span><\/p>\n<p>[\/vc_column_text][vc_mad_btn title=&#8221;Serveis&#8221; size=&#8221;btn-small&#8221; icon=&#8221;&#8221; link=&#8221;url:https%3A%2F%2Fservisat.net%2Fca%2Fserveis%2F|title:Servicios&#8221;][\/vc_column][vc_column width=&#8221;7\/12&#8243; offset=&#8221;vc_col-lg-7 vc_col-md-12 vc_col-xs-12&#8243;][vc_single_image image=&#8221;12709&#8243; img_size=&#8221;full&#8221; css=&#8221;&#8221;][\/vc_column][\/vc_row][vc_row full_width=&#8221;stretch_row&#8221; bg_type=&#8221;image&#8221; parallax_style=&#8221;vcpb-default&#8221; bg_image_new=&#8221;id^13015|url^https:\/\/servisat.net\/wp-content\/uploads\/2025\/03\/SERVISAT_Banner.png|caption^SERVISAT_Banner|alt^SERVISAT_Banner|title^SERVISAT_Banner|description^SERVISAT_Banner&#8221; css=&#8221;.vc_custom_1741593280902{padding-top: 110px !important;padding-bottom: 110px !important;}&#8221;][vc_column][vc_column_text]<\/p>\n<h3 style=\"text-align: center;\"><strong><span style=\"color: #ffffff;\"><span class=\"NormalTextRun SCXW189394500 BCX0\"><span class=\"NormalTextRun SCXW208408645 BCX0\">Confia en<\/span><span class=\"NormalTextRun SCXW208408645 BCX0\">\u202f<\/span><span class=\"NormalTextRun SpellingErrorV2Themed SCXW208408645 BCX0\">Servisa<\/span><span class=\"NormalTextRun SpellingErrorV2Themed SCXW208408645 BCX0\">t<\/span><span class=\"NormalTextRun SCXW208408645 BCX0\">, el servei t\u00e8cnic oficial de<\/span><span class=\"NormalTextRun SCXW208408645 BCX0\">\u202f<\/span><span class=\"NormalTextRun SpellingErrorV2Themed SCXW208408645 BCX0\">Berett<\/span><span class=\"NormalTextRun SpellingErrorV2Themed SCXW208408645 BCX0\">a<\/span><span class=\"NormalTextRun SCXW208408645 BCX0\">\u202fa Barcelona i gaudeix de la tranquil\u00b7litat d&#8217;un servei expert i comprom\u00e8s<\/span><\/span><\/span><\/strong><\/h3>\n<p>[\/vc_column_text][\/vc_column][\/vc_row][vc_row css=&#8221;.vc_custom_1738308662929{padding-bottom: 80px !important;}&#8221;][vc_column]<div id=\"ultimate-heading-702969f19bc19086d\" class=\"uvc-heading ult-adjust-bottom-margin ultimate-heading-702969f19bc19086d uvc-6909 \" data-hspacer=\"no_spacer\"  data-halign=\"center\" style=\"text-align:center\"><div class=\"uvc-heading-spacer no_spacer\" style=\"top\"><\/div><div class=\"uvc-main-heading ult-responsive\"  data-ultimate-target='.uvc-heading.ultimate-heading-702969f19bc19086d h5'  data-responsive-json-new='{\"font-size\":\"\",\"line-height\":\"\"}' ><h5 style=\"font-weight:normal;margin-top:70px;\">Beretta\u202fcalderes i escalfadors<\/h5><\/div><div class=\"uvc-sub-heading ult-responsive\"  data-ultimate-target='.uvc-heading.ultimate-heading-702969f19bc19086d .uvc-sub-heading '  data-responsive-json-new='{\"font-size\":\"\",\"line-height\":\"\"}'  style=\"font-weight:normal;margin-bottom:70px;\"><\/p>\n<h2 style=\"text-align: center;\"><span class=\"TextRun SCXW208408645 BCX0\" lang=\"CA-ES\" xml:lang=\"CA-ES\" data-contrast=\"auto\"><span class=\"NormalTextRun SCXW208408645 BCX0\">Per qu\u00e8 triar-nos?<\/span><\/span><\/h2>\n<p><\/div><\/div>[vc_row_inner][vc_column_inner width=&#8221;1\/3&#8243;]<div id=\"ultimate-heading-958069f19bc190910\" class=\"uvc-heading ult-adjust-bottom-margin ultimate-heading-958069f19bc190910 uvc-2521 \" data-hspacer=\"no_spacer\"  data-halign=\"center\" style=\"text-align:center\"><div class=\"uvc-heading-spacer no_spacer\" style=\"top\"><\/div><div class=\"uvc-main-heading ult-responsive\"  data-ultimate-target='.uvc-heading.ultimate-heading-958069f19bc190910 h4'  data-responsive-json-new='{\"font-size\":\"\",\"line-height\":\"\"}' ><h4 style=\"font-weight:normal;margin-bottom:25px;\">Servei t\u00e8cnic oficial<\/h4><\/div><\/div>[vc_column_text]<\/p>\n<p style=\"text-align: justify;\"><span class=\"NormalTextRun SCXW208408645 BCX0\">Triar<\/span><span class=\"NormalTextRun SCXW208408645 BCX0\">\u202f<\/span><span class=\"NormalTextRun SpellingErrorV2Themed SCXW208408645 BCX0\">Servisa<\/span><span class=\"NormalTextRun SpellingErrorV2Themed SCXW208408645 BCX0\">t<\/span><span class=\"NormalTextRun SCXW208408645 BCX0\">\u202fsignifica confiar en un equip autoritzat i certificat per<\/span><span class=\"NormalTextRun SCXW208408645 BCX0\">\u202f<\/span><span class=\"NormalTextRun SpellingErrorV2Themed SCXW208408645 BCX0\">Berett<\/span><span class=\"NormalTextRun SpellingErrorV2Themed SCXW208408645 BCX0\">a<\/span><span class=\"NormalTextRun SCXW208408645 BCX0\">. Els nostres t\u00e8cnics altament qualificats estan formats espec\u00edficament en els productes de la marca, la qual cosa assegura que cada intervenci\u00f3 compleix amb els est\u00e0ndards de qualitat m\u00e9s alts. Aquest comprom\u00eds ens permet oferir-te la garantia i suport que nom\u00e9s un Servei T\u00e8cnic Oficial pot brindar, realitzant centenars de revisions anuals de calderes i escalfadors<\/span><span class=\"NormalTextRun SCXW208408645 BCX0\">\u202f<\/span><span class=\"NormalTextRun SpellingErrorV2Themed SCXW208408645 BCX0\">Berett<\/span><span class=\"NormalTextRun SpellingErrorV2Themed SCXW208408645 BCX0\">a<\/span><span class=\"NormalTextRun SCXW208408645 BCX0\">.<\/span><\/p>\n<p>[\/vc_column_text][\/vc_column_inner][vc_column_inner width=&#8221;1\/3&#8243;]<div id=\"ultimate-heading-931169f19bc19096a\" class=\"uvc-heading ult-adjust-bottom-margin ultimate-heading-931169f19bc19096a uvc-7388 \" data-hspacer=\"no_spacer\"  data-halign=\"center\" style=\"text-align:center\"><div class=\"uvc-heading-spacer no_spacer\" style=\"top\"><\/div><div class=\"uvc-main-heading ult-responsive\"  data-ultimate-target='.uvc-heading.ultimate-heading-931169f19bc19096a h4'  data-responsive-json-new='{\"font-size\":\"\",\"line-height\":\"\"}' ><h4 style=\"font-weight:normal;margin-bottom:25px;\">Atenci\u00f3 personalitzada<\/h4><\/div><\/div>[vc_column_text]<\/p>\n<p style=\"text-align: justify;\"><span class=\"TextRun SCXW208408645 BCX0\" lang=\"CA-ES\" xml:lang=\"CA-ES\" data-contrast=\"auto\"><span class=\"NormalTextRun SCXW208408645 BCX0\">En<\/span><span class=\"NormalTextRun SCXW208408645 BCX0\">\u202f<\/span><span class=\"NormalTextRun SpellingErrorV2Themed SpellingErrorHighlight SCXW208408645 BCX0\">Servisa<\/span><span class=\"NormalTextRun SpellingErrorV2Themed SpellingErrorHighlight SCXW208408645 BCX0\">t<\/span><span class=\"NormalTextRun SCXW208408645 BCX0\">\u202fvalorem el teu temps i comoditat. Ens enfoquem a brindar una atenci\u00f3 al client excepcional. El nostre equip de suport est\u00e0 sempre disponible per a resoldre els teus dubtes. Oferim un sistema de cita pr\u00e8via perqu\u00e8 s\u00e0pigues quan arribar\u00e0 el nostre t\u00e8cnic i puguis organitzar-te amb tranquil\u00b7litat. Sabem que la comoditat i seguretat de la teva llar s\u00f3n primordials, per la qual cosa cada intervenci\u00f3 s&#8217;adapta a les teves necessitats espec\u00edfiques.<\/span><\/span><span class=\"LineBreakBlob BlobObject DragDrop SCXW208408645 BCX0\"><span class=\"SCXW208408645 BCX0\">\u00a0<\/span><br class=\"SCXW208408645 BCX0\" \/><\/span><\/p>\n<p>[\/vc_column_text][\/vc_column_inner][vc_column_inner width=&#8221;1\/3&#8243;]<div id=\"ultimate-heading-934269f19bc1909bf\" class=\"uvc-heading ult-adjust-bottom-margin ultimate-heading-934269f19bc1909bf uvc-7884 \" data-hspacer=\"no_spacer\"  data-halign=\"center\" style=\"text-align:center\"><div class=\"uvc-heading-spacer no_spacer\" style=\"top\"><\/div><div class=\"uvc-main-heading ult-responsive\"  data-ultimate-target='.uvc-heading.ultimate-heading-934269f19bc1909bf h4'  data-responsive-json-new='{\"font-size\":\"\",\"line-height\":\"\"}' ><h4 style=\"font-weight:normal;margin-bottom:25px;\">Optimitzaci\u00f3 del consum i estalvi<\/h4><\/div><\/div>[vc_column_text]<\/p>\n<p style=\"text-align: justify;\"><span class=\"TextRun SCXW57441264 BCX0\" lang=\"CA-ES\" xml:lang=\"CA-ES\" data-contrast=\"auto\"><span class=\"NormalTextRun SCXW57441264 BCX0\">Els nostres serveis de manteniment asseguren la seguretat de la teva caldera o escalfador, a m\u00e9s d&#8217;optimitzar la seva efici\u00e8ncia. Revisem cada component per a garantir un consum eficient, ajudant-te a reduir la teva factura energ\u00e8tica i a cuidar el medi ambient. A m\u00e9s, prolonguem la vida \u00fatil del teu equip i evitem costoses reparacions.<\/span><span class=\"NormalTextRun SCXW57441264 BCX0\">\u202f<\/span><span class=\"NormalTextRun SpellingErrorV2Themed SCXW57441264 BCX0\">Servisa<\/span><span class=\"NormalTextRun SpellingErrorV2Themed SCXW57441264 BCX0\">t<\/span><span class=\"NormalTextRun SCXW57441264 BCX0\">\u202ft&#8217;ofereix tranquil\u00b7litat a llarg termini, ajudant-te a mantenir la teva caldera en condicions \u00f2ptimes i evitant sorpreses.<\/span><\/span><span class=\"EOP SCXW57441264 BCX0\" data-ccp-props=\"{}\">\u00a0<\/span><\/p>\n<p>[\/vc_column_text][\/vc_column_inner][\/vc_row_inner][vc_mad_btn title=&#8221;Coneix-nos&#8221; size=&#8221;btn-small&#8221; align=&#8221;ts-center&#8221; icon=&#8221;&#8221; link=&#8221;url:https%3A%2F%2Fservisat.net%2Fca%2Fservisat%2F|title:Servicios&#8221;][\/vc_column][\/vc_row][vc_row full_width=&#8221;stretch_row_content_no_spaces&#8221; css=&#8221;.vc_custom_1741594856755{background-image: url(https:\/\/servisat.net\/wp-content\/uploads\/2025\/03\/SERVISAT_Banner.png?id=13015) !important;background-position: center !important;background-repeat: no-repeat !important;background-size: cover !important;}&#8221;][vc_column][vc_mad_form_with_image image=&#8221;12809&#8243; subtitle=&#8221;CONTACTE&#8221; title=&#8221;Contacta amb nosaltres i descobreix la difer\u00e8ncia de triar un servei t\u00e8cnic professional i autoritzat en calderes i escalfadors\u202fBeretta!&#8221; form_add=&#8221;`{`contact-form-7 id=&#8220;c584dff&#8220; title=&#8220;Formulario de contacto HOME_CAT&#8220;`}`&#8221;][\/vc_mad_form_with_image][\/vc_column][\/vc_row][vc_column][\/vc_column]<\/p>\n<\/div>","protected":false},"excerpt":{"rendered":"<p>[vc_row full_width=&#8221;stretch_row_content_no_spaces&#8221; css=&#8221;.vc_custom_1514384812749{margin-top: 0px !important;margin-bottom: 0px !important;padding-top: 0px !important;padding-bottom: 0px !important;}&#8221;][vc_column][rev_slider_vc alias=&#8221;slider-cast-1&#8243;][\/vc_column][\/vc_row][vc_row full_width=&#8221;stretch_row_content_no_spaces&#8221; content_width=&#8221;extra-width-2&#8243; css=&#8221;.vc_custom_1738233293808{margin-top: 0px !important;margin-bottom: 0px !important;padding-top: 60px !important;padding-bottom: 90px !important;}&#8221;][vc_column width=&#8221;5\/12&#8243; offset=&#8221;vc_col-lg-5 vc_col-md-12 vc_col-xs-12&#8243;][vc_custom_heading text=&#8221;SERVISAT&#8221; font_container=&#8221;tag:h5|font_size:18|text_align:left|line_height:24px&#8221; el_class=&#8221;section-sub-title&#8221;][vc_custom_heading text=&#8221;M\u00e9s de 25 anys cuidant el teu confort&#8221; font_container=&#8221;tag:h1|font_size:48|text_align:left|line_height:60px&#8221; el_class=&#8221;section-title&#8221;][vc_column_text css=&#8221;.vc_custom_1742468936154{margin-bottom: 30px !important;padding-bottom: 0px !important;}&#8221;] A \u202fServisat\u202fManteniment i S.A.T., S.L. comptem amb m\u00e9s de 25 [&hellip;]<\/p>\n","protected":false},"author":1,"featured_media":0,"parent":0,"menu_order":0,"comment_status":"closed","ping_status":"closed","template":"","meta":{"footnotes":""},"class_list":["post-13127","page","type-page","status-publish","hentry"],"aioseo_notices":[],"_links":{"self":[{"href":"https:\/\/servisat.net\/ca\/wp-json\/wp\/v2\/pages\/13127","targetHints":{"allow":["GET"]}}],"collection":[{"href":"https:\/\/servisat.net\/ca\/wp-json\/wp\/v2\/pages"}],"about":[{"href":"https:\/\/servisat.net\/ca\/wp-json\/wp\/v2\/types\/page"}],"author":[{"embeddable":true,"href":"https:\/\/servisat.net\/ca\/wp-json\/wp\/v2\/users\/1"}],"replies":[{"embeddable":true,"href":"https:\/\/servisat.net\/ca\/wp-json\/wp\/v2\/comments?post=13127"}],"version-history":[{"count":5,"href":"https:\/\/servisat.net\/ca\/wp-json\/wp\/v2\/pages\/13127\/revisions"}],"predecessor-version":[{"id":13164,"href":"https:\/\/servisat.net\/ca\/wp-json\/wp\/v2\/pages\/13127\/revisions\/13164"}],"wp:attachment":[{"href":"https:\/\/servisat.net\/ca\/wp-json\/wp\/v2\/media?parent=13127"}],"curies":[{"name":"wp","href":"https:\/\/api.w.org\/{rel}","templated":true}]}}